{"id":5886,"date":"2025-12-12T08:03:54","date_gmt":"2025-12-12T08:03:54","guid":{"rendered":"https:\/\/gridx.rs\/?page_id=5886"},"modified":"2025-12-12T08:38:54","modified_gmt":"2025-12-12T08:38:54","slug":"dji-dock-3","status":"publish","type":"page","link":"https:\/\/gridx.rs\/en\/dji-dock-3\/","title":{"rendered":"DJI Dock 3"},"content":{"rendered":"<style>.elementor-5886 .elementor-element.elementor-element-d8fd6e8{--display:flex;--flex-direction:row;--container-widget-width:calc( ( 1 - var( --container-widget-flex-grow ) ) * 100% );--container-widget-height:100%;--container-widget-flex-grow:1;--container-widget-align-self:stretch;--flex-wrap-mobile:wrap;--align-items:stretch;--gap:10px 10px;--row-gap:10px;--column-gap:10px;--margin-top:0px;--margin-bottom:0px;--margin-left:0px;--margin-right:0px;--padding-top:30px;--padding-bottom:30px;--padding-left:0px;--padding-right:0px;}.elementor-5886 .elementor-element.elementor-element-bd7ba4d{--display:flex;--justify-content:center;--align-items:center;--container-widget-width:calc( ( 1 - var( --container-widget-flex-grow ) ) * 100% );--margin-top:0px;--margin-bottom:0px;--margin-left:0px;--margin-right:0px;--padding-top:0px;--padding-bottom:0px;--padding-left:0px;--padding-right:0px;}.elementor-5886 .elementor-element.elementor-element-8dd7999 img{opacity:0.83;border-radius:30px 30px 30px 30px;}.elementor-5886 .elementor-element.elementor-element-8dd7999 > .elementor-widget-container{padding:0px 0px 0px 0px;}.elementor-5886 .elementor-element.elementor-element-43cb6d5 .elementor-heading-title{font-family:var( --e-global-typography-eddebef-font-family ), Sans-serif;font-size:var( --e-global-typography-eddebef-font-size );font-weight:var( --e-global-typography-eddebef-font-weight );text-transform:var( --e-global-typography-eddebef-text-transform );line-height:var( --e-global-typography-eddebef-line-height );letter-spacing:var( --e-global-typography-eddebef-letter-spacing );word-spacing:var( --e-global-typography-eddebef-word-spacing );color:var( --e-global-color-primary );}.elementor-5886 .elementor-element.elementor-element-43cb6d5 > .elementor-widget-container{padding:30px 0px 30px 0px;}.elementor-5886 .elementor-element.elementor-element-43cb6d5{width:100%;max-width:100%;}.elementor-5886 .elementor-element.elementor-element-43cb6d5.elementor-element{--align-self:flex-start;}.elementor-5886 .elementor-element.elementor-element-4059b9a > .elementor-widget-container{padding:0px 0px 0px 0px;}.elementor-5886 .elementor-element.elementor-element-a98243e{--display:flex;--flex-direction:row;--container-widget-width:calc( ( 1 - var( --container-widget-flex-grow ) ) * 100% );--container-widget-height:100%;--container-widget-flex-grow:1;--container-widget-align-self:stretch;--flex-wrap-mobile:wrap;--justify-content:center;--align-items:center;--gap:10px 10px;--row-gap:10px;--column-gap:10px;--margin-top:0px;--margin-bottom:0px;--margin-left:0px;--margin-right:0px;--padding-top:30px;--padding-bottom:30px;--padding-left:0px;--padding-right:0px;}.elementor-5886 .elementor-element.elementor-element-59f5deb{--display:flex;--margin-top:0px;--margin-bottom:0px;--margin-left:0px;--margin-right:0px;--padding-top:0px;--padding-bottom:0px;--padding-left:30px;--padding-right:30px;}.elementor-5886 .elementor-element.elementor-element-63fcc65 img{transition-duration:1s;border-radius:30px 30px 30px 30px;}.elementor-5886 .elementor-element.elementor-element-63fcc65 > .elementor-widget-container{padding:0px 15px 0px 15px;}.elementor-5886 .elementor-element.elementor-element-0040fb0{--display:flex;--flex-direction:row;--container-widget-width:initial;--container-widget-height:100%;--container-widget-flex-grow:1;--container-widget-align-self:stretch;--flex-wrap-mobile:wrap;--margin-top:0px;--margin-bottom:0px;--margin-left:0px;--margin-right:0px;--padding-top:0px;--padding-bottom:0px;--padding-left:0px;--padding-right:0px;}.elementor-5886 .elementor-element.elementor-element-02ac8ab img{transition-duration:1s;border-radius:30px 30px 30px 30px;}.elementor-5886 .elementor-element.elementor-element-02ac8ab > .elementor-widget-container{padding:0px 15px 0px 15px;}.elementor-5886 .elementor-element.elementor-element-0d88eb8 img{transition-duration:1s;border-radius:30px 30px 30px 30px;}.elementor-5886 .elementor-element.elementor-element-0d88eb8 > .elementor-widget-container{padding:0px 15px 0px 15px;}.elementor-5886 .elementor-element.elementor-element-84ac148{--display:flex;--margin-top:0px;--margin-bottom:0px;--margin-left:0px;--margin-right:0px;--padding-top:0px;--padding-bottom:0px;--padding-left:30px;--padding-right:30px;}.elementor-5886 .elementor-element.elementor-element-5750943 .elementor-heading-title{font-family:\"Montserrat\", Sans-serif;font-size:27px;font-weight:600;line-height:1em;color:var( --e-global-color-primary );}.elementor-5886 .elementor-element.elementor-element-5750943 > .elementor-widget-container{padding:0px 0px 0px 0px;}.elementor-5886 .elementor-element.elementor-element-5750943.elementor-element{--align-self:flex-start;}.elementor-5886 .elementor-element.elementor-element-fe61e1e > .elementor-widget-container{padding:0px 0px 0px 0px;}.elementor-5886 .elementor-element.elementor-element-69dd596 .elementor-button{font-weight:700;fill:#EF804A;color:#EF804A;background-color:#232325;box-shadow:-4px -5px 3px 0px #2B2B2B;transition-duration:0.3s;border-style:solid;border-width:1px 1px 1px 1px;border-color:#232325E6;}.elementor-5886 .elementor-element.elementor-element-69dd596 .elementor-button:hover, .elementor-5886 .elementor-element.elementor-element-69dd596 .elementor-button:focus{color:#EF804A;background-color:#232325E6;border-color:#232325E6;}.elementor-5886 .elementor-element.elementor-element-69dd596 .elementor-button:hover svg, .elementor-5886 .elementor-element.elementor-element-69dd596 .elementor-button:focus svg{fill:#EF804A;}@media(max-width:1024px) and (min-width:768px){.elementor-5886 .elementor-element.elementor-element-bd7ba4d{--width:100%;}.elementor-5886 .elementor-element.elementor-element-59f5deb{--width:100%;}.elementor-5886 .elementor-element.elementor-element-0040fb0{--width:100%;}.elementor-5886 .elementor-element.elementor-element-84ac148{--width:100%;}}@media(max-width:1024px){.elementor-5886 .elementor-element.elementor-element-d8fd6e8{--padding-top:30px;--padding-bottom:30px;--padding-left:30px;--padding-right:30px;}.elementor-5886 .elementor-element.elementor-element-bd7ba4d{--margin-top:0px;--margin-bottom:0px;--margin-left:0px;--margin-right:0px;--padding-top:0px;--padding-bottom:0px;--padding-left:0px;--padding-right:0px;}.elementor-5886 .elementor-element.elementor-element-43cb6d5 .elementor-heading-title{font-size:var( --e-global-typography-eddebef-font-size );line-height:var( --e-global-typography-eddebef-line-height );letter-spacing:var( --e-global-typography-eddebef-letter-spacing );word-spacing:var( --e-global-typography-eddebef-word-spacing );}.elementor-5886 .elementor-element.elementor-element-43cb6d5 > .elementor-widget-container{padding:10px 0px 10px 0px;}.elementor-5886 .elementor-element.elementor-element-4059b9a > .elementor-widget-container{margin:0px 0px 0px 0px;}.elementor-5886 .elementor-element.elementor-element-a98243e{--flex-direction:column;--container-widget-width:calc( ( 1 - var( --container-widget-flex-grow ) ) * 100% );--container-widget-height:initial;--container-widget-flex-grow:0;--container-widget-align-self:initial;--flex-wrap-mobile:wrap;--align-items:flex-start;--gap:20px 20px;--row-gap:20px;--column-gap:20px;--padding-top:0px;--padding-bottom:0px;--padding-left:30px;--padding-right:30px;}.elementor-5886 .elementor-element.elementor-element-59f5deb{--justify-content:center;--margin-top:0px;--margin-bottom:0px;--margin-left:0px;--margin-right:0px;--padding-top:0px;--padding-bottom:30px;--padding-left:0px;--padding-right:0px;}.elementor-5886 .elementor-element.elementor-element-63fcc65 > .elementor-widget-container{padding:0px 0px 0px 0px;}.elementor-5886 .elementor-element.elementor-element-0040fb0{--justify-content:center;--margin-top:0px;--margin-bottom:0px;--margin-left:0px;--margin-right:0px;--padding-top:0px;--padding-bottom:0px;--padding-left:0px;--padding-right:0px;}.elementor-5886 .elementor-element.elementor-element-02ac8ab > .elementor-widget-container{padding:0px 0px 0px 0px;}.elementor-5886 .elementor-element.elementor-element-0d88eb8 > .elementor-widget-container{padding:0px 0px 0px 0px;}.elementor-5886 .elementor-element.elementor-element-84ac148{--justify-content:center;--margin-top:0px;--margin-bottom:0px;--margin-left:0px;--margin-right:0px;--padding-top:0px;--padding-bottom:0px;--padding-left:0px;--padding-right:0px;}.elementor-5886 .elementor-element.elementor-element-5750943 .elementor-heading-title{font-size:20px;}.elementor-5886 .elementor-element.elementor-element-fe61e1e{text-align:start;}}@media(max-width:767px){.elementor-5886 .elementor-element.elementor-element-d8fd6e8{--padding-top:30px;--padding-bottom:30px;--padding-left:30px;--padding-right:30px;}.elementor-5886 .elementor-element.elementor-element-bd7ba4d{--padding-top:0px;--padding-bottom:0px;--padding-left:0px;--padding-right:0px;}.elementor-5886 .elementor-element.elementor-element-8dd7999 img{height:375px;object-fit:cover;object-position:center center;}.elementor-5886 .elementor-element.elementor-element-43cb6d5 .elementor-heading-title{font-size:var( --e-global-typography-eddebef-font-size );line-height:var( --e-global-typography-eddebef-line-height );letter-spacing:var( --e-global-typography-eddebef-letter-spacing );word-spacing:var( --e-global-typography-eddebef-word-spacing );}.elementor-5886 .elementor-element.elementor-element-a98243e{--padding-top:0px;--padding-bottom:0px;--padding-left:30px;--padding-right:30px;}.elementor-5886 .elementor-element.elementor-element-59f5deb{--padding-top:0px;--padding-bottom:0px;--padding-left:0px;--padding-right:0px;}.elementor-5886 .elementor-element.elementor-element-63fcc65 > .elementor-widget-container{padding:0px 0px 0px 0px;}.elementor-5886 .elementor-element.elementor-element-0040fb0{--padding-top:0px;--padding-bottom:0px;--padding-left:0px;--padding-right:0px;}.elementor-5886 .elementor-element.elementor-element-02ac8ab > .elementor-widget-container{padding:0px 0px 0px 0px;}.elementor-5886 .elementor-element.elementor-element-0d88eb8 > .elementor-widget-container{padding:0px 0px 0px 0px;}.elementor-5886 .elementor-element.elementor-element-84ac148{--padding-top:0px;--padding-bottom:0px;--padding-left:0px;--padding-right:0px;}.elementor-5886 .elementor-element.elementor-element-5750943 .elementor-heading-title{font-size:15px;}.elementor-5886 .elementor-element.elementor-element-5750943 > .elementor-widget-container{padding:10px 0px 0px 0px;}.elementor-5886 .elementor-element.elementor-element-fe61e1e > .elementor-widget-container{padding:10px 0px 0px 0px;}}<\/style>\t\t<div data-elementor-type=\"wp-page\" data-elementor-id=\"5886\" class=\"elementor elementor-5886\" data-elementor-post-type=\"page\">\n\t\t\t\t<div class=\"elementor-element elementor-element-d8fd6e8 e-flex e-con-boxed e-con e-parent\" data-id=\"d8fd6e8\" data-element_type=\"container\" data-e-type=\"container\">\n\t\t\t\t\t<div class=\"e-con-inner\">\n\t\t<div class=\"elementor-element elementor-element-bd7ba4d e-con-full e-flex e-con e-child\" data-id=\"bd7ba4d\" data-element_type=\"container\" data-e-type=\"container\">\n\t\t\t\t<div class=\"elementor-element elementor-element-8dd7999 elementor-widget elementor-widget-image\" data-id=\"8dd7999\" data-element_type=\"widget\" data-e-type=\"widget\" data-widget_type=\"image.default\">\n\t\t\t\t<div class=\"elementor-widget-container\">\n\t\t\t\t\t\t\t\t\t\t\t\t\t\t\t<img fetchpriority=\"high\" decoding=\"async\" width=\"1200\" height=\"375\" src=\"https:\/\/gridx.rs\/wp-content\/uploads\/2025\/12\/dji-dock-3-intelligent-operations-without-limits-cover.jpg\" class=\"attachment-full size-full wp-image-5897\" alt=\"\" srcset=\"https:\/\/gridx.rs\/wp-content\/uploads\/2025\/12\/dji-dock-3-intelligent-operations-without-limits-cover.jpg 1200w, https:\/\/gridx.rs\/wp-content\/uploads\/2025\/12\/dji-dock-3-intelligent-operations-without-limits-cover-300x94.jpg 300w, https:\/\/gridx.rs\/wp-content\/uploads\/2025\/12\/dji-dock-3-intelligent-operations-without-limits-cover-1024x320.jpg 1024w, https:\/\/gridx.rs\/wp-content\/uploads\/2025\/12\/dji-dock-3-intelligent-operations-without-limits-cover-768x240.jpg 768w, https:\/\/gridx.rs\/wp-content\/uploads\/2025\/12\/dji-dock-3-intelligent-operations-without-limits-cover-18x6.jpg 18w\" sizes=\"(max-width: 1200px) 100vw, 1200px\" \/>\t\t\t\t\t\t\t\t\t\t\t\t\t\t\t<\/div>\n\t\t\t\t<\/div>\n\t\t\t\t<div class=\"elementor-element elementor-element-43cb6d5 elementor-widget__width-inherit elementor-widget elementor-widget-heading\" data-id=\"43cb6d5\" data-element_type=\"widget\" data-e-type=\"widget\" data-widget_type=\"heading.default\">\n\t\t\t\t<div class=\"elementor-widget-container\">\n\t\t\t\t\t<h2 class=\"elementor-heading-title elementor-size-default\">DJI Dock 3 \u2013 Intelligent Operations Without Limits<\/h2>\t\t\t\t<\/div>\n\t\t\t\t<\/div>\n\t\t\t\t<div class=\"elementor-element elementor-element-4059b9a elementor-widget elementor-widget-text-editor\" data-id=\"4059b9a\" data-element_type=\"widget\" data-e-type=\"widget\" data-widget_type=\"text-editor.default\">\n\t\t\t\t<div class=\"elementor-widget-container\">\n\t\t\t\t\t\t\t\t\t<p><strong><span style=\"color: #ef804a;\">DJI Dock 3<\/span><\/strong> introduces a new generation of autonomous drone systems that enable continuous and reliable missions without the need for an operator to be physically present on-site. Thanks to its ability to be fixed-mounted or vehicle-mounted, its extreme resistance to environmental conditions, and its integration with intelligent software features, Dock 3 significantly reduces response time, enhances operational control, and improves efficiency in monitoring, inspections, and emergency management. Designed for 24\/7 operation and compatible with the advanced Matrice 4D and 4TD drones, DJI Dock 3 provides maximum flexibility and reliability wherever fast situational awareness and automated data collection are required.<\/p>\t\t\t\t\t\t\t\t<\/div>\n\t\t\t\t<\/div>\n\t\t\t\t<\/div>\n\t\t\t\t\t<\/div>\n\t\t\t\t<\/div>\n\t\t<div class=\"elementor-element elementor-element-a98243e e-flex e-con-boxed e-con e-parent\" data-id=\"a98243e\" data-element_type=\"container\" data-e-type=\"container\">\n\t\t\t\t\t<div class=\"e-con-inner\">\n\t\t<div class=\"elementor-element elementor-element-59f5deb e-con-full e-flex e-con e-child\" data-id=\"59f5deb\" data-element_type=\"container\" data-e-type=\"container\">\n\t\t\t\t<div class=\"elementor-element elementor-element-63fcc65 elementor-widget elementor-widget-image\" data-id=\"63fcc65\" data-element_type=\"widget\" data-e-type=\"widget\" data-widget_type=\"image.default\">\n\t\t\t\t<div class=\"elementor-widget-container\">\n\t\t\t\t\t\t\t\t\t\t\t\t\t\t\t<img decoding=\"async\" width=\"500\" height=\"500\" src=\"https:\/\/gridx.rs\/wp-content\/uploads\/2025\/12\/dji-dock-3-intelligent-operations-without-limits-01.jpg\" class=\"elementor-animation-shrink attachment-full size-full wp-image-5898\" alt=\"\" srcset=\"https:\/\/gridx.rs\/wp-content\/uploads\/2025\/12\/dji-dock-3-intelligent-operations-without-limits-01.jpg 500w, https:\/\/gridx.rs\/wp-content\/uploads\/2025\/12\/dji-dock-3-intelligent-operations-without-limits-01-300x300.jpg 300w, https:\/\/gridx.rs\/wp-content\/uploads\/2025\/12\/dji-dock-3-intelligent-operations-without-limits-01-150x150.jpg 150w, https:\/\/gridx.rs\/wp-content\/uploads\/2025\/12\/dji-dock-3-intelligent-operations-without-limits-01-12x12.jpg 12w\" sizes=\"(max-width: 500px) 100vw, 500px\" \/>\t\t\t\t\t\t\t\t\t\t\t\t\t\t\t<\/div>\n\t\t\t\t<\/div>\n\t\t<div class=\"elementor-element elementor-element-0040fb0 e-con-full e-flex e-con e-child\" data-id=\"0040fb0\" data-element_type=\"container\" data-e-type=\"container\">\n\t\t\t\t<div class=\"elementor-element elementor-element-02ac8ab elementor-widget elementor-widget-image\" data-id=\"02ac8ab\" data-element_type=\"widget\" data-e-type=\"widget\" data-widget_type=\"image.default\">\n\t\t\t\t<div class=\"elementor-widget-container\">\n\t\t\t\t\t\t\t\t\t\t\t\t\t\t\t<img decoding=\"async\" width=\"500\" height=\"889\" src=\"https:\/\/gridx.rs\/wp-content\/uploads\/2025\/12\/dji-dock-3-intelligent-operations-without-limits-02.jpg\" class=\"elementor-animation-shrink attachment-full size-full wp-image-5899\" alt=\"\" srcset=\"https:\/\/gridx.rs\/wp-content\/uploads\/2025\/12\/dji-dock-3-intelligent-operations-without-limits-02.jpg 500w, https:\/\/gridx.rs\/wp-content\/uploads\/2025\/12\/dji-dock-3-intelligent-operations-without-limits-02-169x300.jpg 169w, https:\/\/gridx.rs\/wp-content\/uploads\/2025\/12\/dji-dock-3-intelligent-operations-without-limits-02-7x12.jpg 7w\" sizes=\"(max-width: 500px) 100vw, 500px\" \/>\t\t\t\t\t\t\t\t\t\t\t\t\t\t\t<\/div>\n\t\t\t\t<\/div>\n\t\t\t\t<div class=\"elementor-element elementor-element-0d88eb8 elementor-widget elementor-widget-image\" data-id=\"0d88eb8\" data-element_type=\"widget\" data-e-type=\"widget\" data-widget_type=\"image.default\">\n\t\t\t\t<div class=\"elementor-widget-container\">\n\t\t\t\t\t\t\t\t\t\t\t\t\t\t\t<img loading=\"lazy\" decoding=\"async\" width=\"500\" height=\"889\" src=\"https:\/\/gridx.rs\/wp-content\/uploads\/2025\/12\/dji-dock-3-intelligent-operations-without-limits-03.jpg\" class=\"elementor-animation-shrink attachment-full size-full wp-image-5900\" alt=\"\" srcset=\"https:\/\/gridx.rs\/wp-content\/uploads\/2025\/12\/dji-dock-3-intelligent-operations-without-limits-03.jpg 500w, https:\/\/gridx.rs\/wp-content\/uploads\/2025\/12\/dji-dock-3-intelligent-operations-without-limits-03-169x300.jpg 169w, https:\/\/gridx.rs\/wp-content\/uploads\/2025\/12\/dji-dock-3-intelligent-operations-without-limits-03-7x12.jpg 7w\" sizes=\"(max-width: 500px) 100vw, 500px\" \/>\t\t\t\t\t\t\t\t\t\t\t\t\t\t\t<\/div>\n\t\t\t\t<\/div>\n\t\t\t\t<\/div>\n\t\t\t\t<\/div>\n\t\t<div class=\"elementor-element elementor-element-84ac148 e-con-full e-flex e-con e-child\" data-id=\"84ac148\" data-element_type=\"container\" data-e-type=\"container\">\n\t\t\t\t<div class=\"elementor-element elementor-element-5750943 elementor-widget elementor-widget-heading\" data-id=\"5750943\" data-element_type=\"widget\" data-e-type=\"widget\" data-widget_type=\"heading.default\">\n\t\t\t\t<div class=\"elementor-widget-container\">\n\t\t\t\t\t<h2 class=\"elementor-heading-title elementor-size-default\">Autonomy, mobility, and durability for new standards in drone operations<\/h2>\t\t\t\t<\/div>\n\t\t\t\t<\/div>\n\t\t\t\t<div class=\"elementor-element elementor-element-fe61e1e elementor-widget elementor-widget-text-editor\" data-id=\"fe61e1e\" data-element_type=\"widget\" data-e-type=\"widget\" data-widget_type=\"text-editor.default\">\n\t\t\t\t<div class=\"elementor-widget-container\">\n\t\t\t\t\t\t\t\t\t<p>DJI Dock 3 is DJI\u2019s most advanced system for fully autonomous drone missions, engineered for continuous operation in both static and mobile scenarios. As the first dock capable of vehicle-mounted deployment, it enables rapid mobilization in emergency situations, long-distance monitoring, and inspections that require frequent relocation. With its ability to operate in extreme temperatures from \u201330\u00b0C to +50\u00b0C and an IP56 protection rating, Dock 3 performs reliably in dust, rain, snow, and other challenging conditions.<\/p><p><strong><span style=\"color: #ef804a;\">Paired with the Matrice 4D and 4TD drones, Dock 3 delivers a high level of autonomy through automated takeoff, landing, charging, and intelligent mission execution. Its advanced transmission systems ensure stable communication up to 25 km, while FlightHub 2 enables centralized mission planning, real-time monitoring, analytics, and change detection.<\/span><\/strong><\/p><p>Fully integrated into the DJI ecosystem, Dock 3 offers advanced data security, access control, 4G\/5G connectivity, and support for third-party platforms via API and SDK tools. With powerful autonomy, flexible deployment, and intelligent data analysis, DJI Dock 3 is the ideal solution for industries requiring continuous monitoring, rapid response, and reliable data acquisition \u2014 from energy and telecommunications to public safety, emergency management, and environmental protection.<\/p>\t\t\t\t\t\t\t\t<\/div>\n\t\t\t\t<\/div>\n\t\t\t\t<div class=\"elementor-element elementor-element-69dd596 elementor-widget elementor-widget-button\" data-id=\"69dd596\" data-element_type=\"widget\" data-e-type=\"widget\" data-widget_type=\"button.default\">\n\t\t\t\t<div class=\"elementor-widget-container\">\n\t\t\t\t\t\t\t\t\t<div class=\"elementor-button-wrapper\">\n\t\t\t\t\t<a class=\"elementor-button elementor-button-link elementor-size-sm elementor-animation-grow\" href=\"mailto:office@gridx.rs\">\n\t\t\t\t\t\t<span class=\"elementor-button-content-wrapper\">\n\t\t\t\t\t\t\t\t\t<span class=\"elementor-button-text\">CONTACT US<\/span>\n\t\t\t\t\t<\/span>\n\t\t\t\t\t<\/a>\n\t\t\t\t<\/div>\n\t\t\t\t\t\t\t\t<\/div>\n\t\t\t\t<\/div>\n\t\t\t\t<\/div>\n\t\t\t\t\t<\/div>\n\t\t\t\t<\/div>\n\t\t\t\t<\/div>","protected":false},"excerpt":{"rendered":"<p>DJI Dock 3 \u2013 Inteligentne operacije bez granica DJI Dock 3 uvodi novu generaciju autonomnih dronskih sistema koji omogu\u0107avaju kontinuirane i pouzdane misije bez potrebe za fizi\u010dkim prisustvom operatera na terenu. Zahvaljuju\u0107i mogu\u0107nosti fiksnog montiranja i montiranja na vozilo, ekstremnoj otpornosti na spolja\u0161nje uslove i integraciji sa inteligentnim softverskim funkcijama, Dock 3 zna\u010dajno smanjuje vreme [&hellip;]<\/p>\n","protected":false},"author":1,"featured_media":0,"parent":0,"menu_order":0,"comment_status":"closed","ping_status":"closed","template":"elementor_header_footer","meta":{"footnotes":""},"class_list":["post-5886","page","type-page","status-publish","hentry"],"_links":{"self":[{"href":"https:\/\/gridx.rs\/en\/wp-json\/wp\/v2\/pages\/5886","targetHints":{"allow":["GET"]}}],"collection":[{"href":"https:\/\/gridx.rs\/en\/wp-json\/wp\/v2\/pages"}],"about":[{"href":"https:\/\/gridx.rs\/en\/wp-json\/wp\/v2\/types\/page"}],"author":[{"embeddable":true,"href":"https:\/\/gridx.rs\/en\/wp-json\/wp\/v2\/users\/1"}],"replies":[{"embeddable":true,"href":"https:\/\/gridx.rs\/en\/wp-json\/wp\/v2\/comments?post=5886"}],"version-history":[{"count":13,"href":"https:\/\/gridx.rs\/en\/wp-json\/wp\/v2\/pages\/5886\/revisions"}],"predecessor-version":[{"id":5903,"href":"https:\/\/gridx.rs\/en\/wp-json\/wp\/v2\/pages\/5886\/revisions\/5903"}],"wp:attachment":[{"href":"https:\/\/gridx.rs\/en\/wp-json\/wp\/v2\/media?parent=5886"}],"curies":[{"name":"wp","href":"https:\/\/api.w.org\/{rel}","templated":true}]}}