{"id":4483,"date":"2024-12-25T00:13:56","date_gmt":"2024-12-25T00:13:56","guid":{"rendered":"https:\/\/gridx.rs\/?page_id=4483"},"modified":"2024-12-27T21:07:06","modified_gmt":"2024-12-27T21:07:06","slug":"ecoflow","status":"publish","type":"page","link":"https:\/\/gridx.rs\/en\/ecoflow\/","title":{"rendered":"EcoFlow"},"content":{"rendered":"<style>.elementor-4483 .elementor-element.elementor-element-d8fd6e8{--display:flex;--flex-direction:row;--container-widget-width:calc( ( 1 - var( --container-widget-flex-grow ) ) * 100% );--container-widget-height:100%;--container-widget-flex-grow:1;--container-widget-align-self:stretch;--flex-wrap-mobile:wrap;--align-items:stretch;--gap:10px 10px;--row-gap:10px;--column-gap:10px;--margin-top:0px;--margin-bottom:0px;--margin-left:0px;--margin-right:0px;--padding-top:30px;--padding-bottom:30px;--padding-left:0px;--padding-right:0px;}.elementor-4483 .elementor-element.elementor-element-bd7ba4d{--display:flex;--justify-content:center;--align-items:center;--container-widget-width:calc( ( 1 - var( --container-widget-flex-grow ) ) * 100% );--margin-top:0px;--margin-bottom:0px;--margin-left:0px;--margin-right:0px;--padding-top:0px;--padding-bottom:0px;--padding-left:0px;--padding-right:0px;}.elementor-4483 .elementor-element.elementor-element-8dd7999 img{opacity:0.83;border-radius:30px 30px 30px 30px;}.elementor-4483 .elementor-element.elementor-element-8dd7999 > .elementor-widget-container{padding:0px 0px 0px 0px;}.elementor-4483 .elementor-element.elementor-element-43cb6d5 .elementor-heading-title{font-family:var( --e-global-typography-eddebef-font-family ), Sans-serif;font-size:var( --e-global-typography-eddebef-font-size );font-weight:var( --e-global-typography-eddebef-font-weight );text-transform:var( --e-global-typography-eddebef-text-transform );line-height:var( --e-global-typography-eddebef-line-height );letter-spacing:var( --e-global-typography-eddebef-letter-spacing );word-spacing:var( --e-global-typography-eddebef-word-spacing );color:var( --e-global-color-primary );}.elementor-4483 .elementor-element.elementor-element-43cb6d5 > .elementor-widget-container{padding:30px 0px 30px 0px;}.elementor-4483 .elementor-element.elementor-element-43cb6d5{width:100%;max-width:100%;}.elementor-4483 .elementor-element.elementor-element-43cb6d5.elementor-element{--align-self:flex-start;}.elementor-4483 .elementor-element.elementor-element-ee299dd{text-align:center;}.elementor-4483 .elementor-element.elementor-element-ee299dd > .elementor-widget-container{padding:0px 0px 0px 0px;}.elementor-4483 .elementor-element.elementor-element-a379e1a .elementor-heading-title{font-family:var( --e-global-typography-eddebef-font-family ), Sans-serif;font-size:var( --e-global-typography-eddebef-font-size );font-weight:var( --e-global-typography-eddebef-font-weight );text-transform:var( --e-global-typography-eddebef-text-transform );line-height:var( --e-global-typography-eddebef-line-height );letter-spacing:var( --e-global-typography-eddebef-letter-spacing );word-spacing:var( --e-global-typography-eddebef-word-spacing );color:var( --e-global-color-primary );}.elementor-4483 .elementor-element.elementor-element-a379e1a > .elementor-widget-container{padding:30px 0px 30px 0px;}.elementor-4483 .elementor-element.elementor-element-a379e1a{width:100%;max-width:100%;}.elementor-4483 .elementor-element.elementor-element-a379e1a.elementor-element{--align-self:flex-start;}.elementor-4483 .elementor-element.elementor-element-4059b9a{text-align:justify;}.elementor-4483 .elementor-element.elementor-element-4059b9a > .elementor-widget-container{margin:0px 0px 0px 0px;padding:0px 0px 0px 0px;}.elementor-4483 .elementor-element.elementor-element-156d048{--display:flex;--flex-direction:row;--container-widget-width:calc( ( 1 - var( --container-widget-flex-grow ) ) * 100% );--container-widget-height:100%;--container-widget-flex-grow:1;--container-widget-align-self:stretch;--flex-wrap-mobile:wrap;--justify-content:flex-start;--align-items:flex-start;--padding-top:0px;--padding-bottom:0px;--padding-left:0px;--padding-right:0px;}.elementor-4483 .elementor-element.elementor-element-1df588e{--display:flex;--padding-top:0px;--padding-bottom:0px;--padding-left:0px;--padding-right:0px;}.elementor-4483 .elementor-element.elementor-element-a75f3f6 img{transition-duration:1s;border-radius:30px 30px 30px 30px;}.elementor-4483 .elementor-element.elementor-element-a75f3f6 > .elementor-widget-container{padding:0px 15px 0px 15px;}.elementor-4483 .elementor-element.elementor-element-bc6c293{--display:flex;--flex-direction:column;--container-widget-width:calc( ( 1 - var( --container-widget-flex-grow ) ) * 100% );--container-widget-height:initial;--container-widget-flex-grow:0;--container-widget-align-self:initial;--flex-wrap-mobile:wrap;--justify-content:flex-start;--align-items:flex-start;--padding-top:0px;--padding-bottom:0px;--padding-left:0px;--padding-right:0px;}.elementor-4483 .elementor-element.elementor-element-0fd7ca9 > .elementor-widget-container{padding:0px 0px 0px 0px;}.elementor-4483 .elementor-element.elementor-element-e14d419 .elementor-button{font-weight:700;fill:#EF804A;color:#EF804A;background-color:#232325;box-shadow:-4px -5px 3px 0px #2B2B2B;transition-duration:0.3s;border-style:solid;border-width:1px 1px 1px 1px;border-color:#232325E6;}.elementor-4483 .elementor-element.elementor-element-e14d419 .elementor-button:hover, .elementor-4483 .elementor-element.elementor-element-e14d419 .elementor-button:focus{color:#EF804A;background-color:#232325E6;border-color:#232325E6;}.elementor-4483 .elementor-element.elementor-element-e14d419 .elementor-button:hover svg, .elementor-4483 .elementor-element.elementor-element-e14d419 .elementor-button:focus svg{fill:#EF804A;}.elementor-4483 .elementor-element.elementor-element-6961d45 .elementor-heading-title{font-family:var( --e-global-typography-eddebef-font-family ), Sans-serif;font-size:var( --e-global-typography-eddebef-font-size );font-weight:var( --e-global-typography-eddebef-font-weight );text-transform:var( --e-global-typography-eddebef-text-transform );line-height:var( --e-global-typography-eddebef-line-height );letter-spacing:var( --e-global-typography-eddebef-letter-spacing );word-spacing:var( --e-global-typography-eddebef-word-spacing );color:var( --e-global-color-primary );}.elementor-4483 .elementor-element.elementor-element-6961d45 > .elementor-widget-container{padding:30px 0px 30px 0px;}.elementor-4483 .elementor-element.elementor-element-6961d45{width:100%;max-width:100%;}.elementor-4483 .elementor-element.elementor-element-6961d45.elementor-element{--align-self:flex-start;}.elementor-4483 .elementor-element.elementor-element-fe7b6fb{text-align:justify;}.elementor-4483 .elementor-element.elementor-element-fe7b6fb > .elementor-widget-container{margin:0px 0px 0px 0px;padding:0px 0px 0px 0px;}.elementor-4483 .elementor-element.elementor-element-ca80184{--display:flex;--flex-direction:row;--container-widget-width:calc( ( 1 - var( --container-widget-flex-grow ) ) * 100% );--container-widget-height:100%;--container-widget-flex-grow:1;--container-widget-align-self:stretch;--flex-wrap-mobile:wrap;--justify-content:flex-start;--align-items:flex-start;--padding-top:0px;--padding-bottom:0px;--padding-left:0px;--padding-right:0px;}.elementor-4483 .elementor-element.elementor-element-9fd37cf{--display:flex;--padding-top:0px;--padding-bottom:0px;--padding-left:0px;--padding-right:0px;}.elementor-4483 .elementor-element.elementor-element-0f2fdcb img{transition-duration:1s;border-radius:30px 30px 30px 30px;}.elementor-4483 .elementor-element.elementor-element-0f2fdcb > .elementor-widget-container{padding:0px 15px 0px 15px;}.elementor-4483 .elementor-element.elementor-element-547a338{--display:flex;--flex-direction:column;--container-widget-width:calc( ( 1 - var( --container-widget-flex-grow ) ) * 100% );--container-widget-height:initial;--container-widget-flex-grow:0;--container-widget-align-self:initial;--flex-wrap-mobile:wrap;--justify-content:flex-start;--align-items:flex-start;--padding-top:0px;--padding-bottom:0px;--padding-left:0px;--padding-right:0px;}.elementor-4483 .elementor-element.elementor-element-f9f26d4 > .elementor-widget-container{padding:0px 0px 0px 0px;}.elementor-4483 .elementor-element.elementor-element-9a8d7c6 .elementor-button{font-weight:700;fill:#EF804A;color:#EF804A;background-color:#232325;box-shadow:-4px -5px 3px 0px #2B2B2B;transition-duration:0.3s;border-style:solid;border-width:1px 1px 1px 1px;border-color:#232325E6;}.elementor-4483 .elementor-element.elementor-element-9a8d7c6 .elementor-button:hover, .elementor-4483 .elementor-element.elementor-element-9a8d7c6 .elementor-button:focus{color:#EF804A;background-color:#232325E6;border-color:#232325E6;}.elementor-4483 .elementor-element.elementor-element-9a8d7c6 .elementor-button:hover svg, .elementor-4483 .elementor-element.elementor-element-9a8d7c6 .elementor-button:focus svg{fill:#EF804A;}@media(max-width:1024px) and (min-width:768px){.elementor-4483 .elementor-element.elementor-element-bd7ba4d{--width:100%;}}@media(max-width:1024px){.elementor-4483 .elementor-element.elementor-element-d8fd6e8{--padding-top:30px;--padding-bottom:30px;--padding-left:30px;--padding-right:30px;}.elementor-4483 .elementor-element.elementor-element-bd7ba4d{--margin-top:0px;--margin-bottom:0px;--margin-left:0px;--margin-right:0px;--padding-top:0px;--padding-bottom:0px;--padding-left:0px;--padding-right:0px;}.elementor-4483 .elementor-element.elementor-element-43cb6d5 .elementor-heading-title{font-size:var( --e-global-typography-eddebef-font-size );line-height:var( --e-global-typography-eddebef-line-height );letter-spacing:var( --e-global-typography-eddebef-letter-spacing );word-spacing:var( --e-global-typography-eddebef-word-spacing );}.elementor-4483 .elementor-element.elementor-element-43cb6d5 > .elementor-widget-container{padding:10px 0px 10px 0px;}.elementor-4483 .elementor-element.elementor-element-ee299dd > .elementor-widget-container{margin:0px 0px 0px 0px;}.elementor-4483 .elementor-element.elementor-element-a379e1a .elementor-heading-title{font-size:var( --e-global-typography-eddebef-font-size );line-height:var( --e-global-typography-eddebef-line-height );letter-spacing:var( --e-global-typography-eddebef-letter-spacing );word-spacing:var( --e-global-typography-eddebef-word-spacing );}.elementor-4483 .elementor-element.elementor-element-a379e1a > .elementor-widget-container{padding:10px 0px 10px 0px;}.elementor-4483 .elementor-element.elementor-element-4059b9a > .elementor-widget-container{margin:0px 0px 0px 0px;}.elementor-4483 .elementor-element.elementor-element-a75f3f6 img{height:330px;object-fit:cover;object-position:center center;}.elementor-4483 .elementor-element.elementor-element-a75f3f6 > .elementor-widget-container{padding:0px 0px 0px 0px;}.elementor-4483 .elementor-element.elementor-element-0fd7ca9 > .elementor-widget-container{margin:0px 0px 0px 0px;}.elementor-4483 .elementor-element.elementor-element-6961d45 .elementor-heading-title{font-size:var( --e-global-typography-eddebef-font-size );line-height:var( --e-global-typography-eddebef-line-height );letter-spacing:var( --e-global-typography-eddebef-letter-spacing );word-spacing:var( --e-global-typography-eddebef-word-spacing );}.elementor-4483 .elementor-element.elementor-element-6961d45 > .elementor-widget-container{padding:10px 0px 10px 0px;}.elementor-4483 .elementor-element.elementor-element-fe7b6fb > .elementor-widget-container{margin:0px 0px 0px 0px;}.elementor-4483 .elementor-element.elementor-element-0f2fdcb img{height:380px;object-fit:cover;object-position:center right;}.elementor-4483 .elementor-element.elementor-element-0f2fdcb > .elementor-widget-container{padding:0px 0px 0px 0px;}.elementor-4483 .elementor-element.elementor-element-f9f26d4 > .elementor-widget-container{margin:0px 0px 0px 0px;}}@media(max-width:767px){.elementor-4483 .elementor-element.elementor-element-d8fd6e8{--padding-top:30px;--padding-bottom:30px;--padding-left:30px;--padding-right:30px;}.elementor-4483 .elementor-element.elementor-element-bd7ba4d{--padding-top:0px;--padding-bottom:0px;--padding-left:0px;--padding-right:0px;}.elementor-4483 .elementor-element.elementor-element-8dd7999 img{height:375px;object-fit:cover;object-position:center center;}.elementor-4483 .elementor-element.elementor-element-43cb6d5 .elementor-heading-title{font-size:var( --e-global-typography-eddebef-font-size );line-height:var( --e-global-typography-eddebef-line-height );letter-spacing:var( --e-global-typography-eddebef-letter-spacing );word-spacing:var( --e-global-typography-eddebef-word-spacing );}.elementor-4483 .elementor-element.elementor-element-a379e1a .elementor-heading-title{font-size:var( --e-global-typography-eddebef-font-size );line-height:var( --e-global-typography-eddebef-line-height );letter-spacing:var( --e-global-typography-eddebef-letter-spacing );word-spacing:var( --e-global-typography-eddebef-word-spacing );}.elementor-4483 .elementor-element.elementor-element-a75f3f6 > .elementor-widget-container{padding:0px 0px 0px 0px;}.elementor-4483 .elementor-element.elementor-element-6961d45 .elementor-heading-title{font-size:var( --e-global-typography-eddebef-font-size );line-height:var( --e-global-typography-eddebef-line-height );letter-spacing:var( --e-global-typography-eddebef-letter-spacing );word-spacing:var( --e-global-typography-eddebef-word-spacing );}.elementor-4483 .elementor-element.elementor-element-0f2fdcb > .elementor-widget-container{padding:0px 0px 0px 0px;}}<\/style>\t\t<div data-elementor-type=\"wp-page\" data-elementor-id=\"4483\" class=\"elementor elementor-4483\" data-elementor-post-type=\"page\">\n\t\t\t\t<div class=\"elementor-element elementor-element-d8fd6e8 e-flex e-con-boxed e-con e-parent\" data-id=\"d8fd6e8\" data-element_type=\"container\" data-e-type=\"container\">\n\t\t\t\t\t<div class=\"e-con-inner\">\n\t\t<div class=\"elementor-element elementor-element-bd7ba4d e-con-full e-flex e-con e-child\" data-id=\"bd7ba4d\" data-element_type=\"container\" data-e-type=\"container\">\n\t\t\t\t<div class=\"elementor-element elementor-element-8dd7999 elementor-widget elementor-widget-image\" data-id=\"8dd7999\" data-element_type=\"widget\" data-e-type=\"widget\" data-widget_type=\"image.default\">\n\t\t\t\t<div class=\"elementor-widget-container\">\n\t\t\t\t\t\t\t\t\t\t\t\t\t\t\t<img fetchpriority=\"high\" decoding=\"async\" width=\"1200\" height=\"375\" src=\"https:\/\/gridx.rs\/wp-content\/uploads\/2024\/12\/ecoflow-cover.jpg\" class=\"attachment-full size-full wp-image-4515\" alt=\"\" srcset=\"https:\/\/gridx.rs\/wp-content\/uploads\/2024\/12\/ecoflow-cover.jpg 1200w, https:\/\/gridx.rs\/wp-content\/uploads\/2024\/12\/ecoflow-cover-300x94.jpg 300w, https:\/\/gridx.rs\/wp-content\/uploads\/2024\/12\/ecoflow-cover-1024x320.jpg 1024w, https:\/\/gridx.rs\/wp-content\/uploads\/2024\/12\/ecoflow-cover-768x240.jpg 768w, https:\/\/gridx.rs\/wp-content\/uploads\/2024\/12\/ecoflow-cover-18x6.jpg 18w\" sizes=\"(max-width: 1200px) 100vw, 1200px\" \/>\t\t\t\t\t\t\t\t\t\t\t\t\t\t\t<\/div>\n\t\t\t\t<\/div>\n\t\t\t\t<div class=\"elementor-element elementor-element-43cb6d5 elementor-widget__width-inherit elementor-widget elementor-widget-heading\" data-id=\"43cb6d5\" data-element_type=\"widget\" data-e-type=\"widget\" data-widget_type=\"heading.default\">\n\t\t\t\t<div class=\"elementor-widget-container\">\n\t\t\t\t\t<h2 class=\"elementor-heading-title elementor-size-default\">EcoFlow \u2013 A Revolution in the World of Portable and Sustainable Energy<\/h2>\t\t\t\t<\/div>\n\t\t\t\t<\/div>\n\t\t\t\t<div class=\"elementor-element elementor-element-ee299dd elementor-widget elementor-widget-text-editor\" data-id=\"ee299dd\" data-element_type=\"widget\" data-e-type=\"widget\" data-widget_type=\"text-editor.default\">\n\t\t\t\t<div class=\"elementor-widget-container\">\n\t\t\t\t\t\t\t\t\t<p><em><strong>EcoFlow represents <\/strong><\/em>a revolution in the world of portable and sustainable energy solutions, offering powerful, reliable, and flexible power devices to users. These solutions are designed to meet all needs, whether for everyday situations, emergencies, or professional use in the field. A key advantage of EcoFlow products is their environmental component. By utilizing renewable energy sources such as solar panels, these devices help reduce the ecological footprint and support a sustainable lifestyle. Intelligent energy management systems enable users to easily monitor consumption and optimize device charging.<\/p><p><em><strong>EcoFlow products <\/strong><\/em>are easy to use yet powerful enough to support various devices\u2014from basic needs like charging mobile phones and laptops to powering larger systems such as tools, home appliances, or medical equipment. With EcoFlow, energy is always within reach, providing users with freedom of movement and peace of mind in any situation. Whether you\u2019re an adventurer, a professional, or someone seeking a reliable solution for emergencies, EcoFlow is synonymous with innovation, sustainability, and power in portable energy.<\/p>\t\t\t\t\t\t\t\t<\/div>\n\t\t\t\t<\/div>\n\t\t\t\t<div class=\"elementor-element elementor-element-a379e1a elementor-widget__width-inherit elementor-widget elementor-widget-heading\" data-id=\"a379e1a\" data-element_type=\"widget\" data-e-type=\"widget\" data-widget_type=\"heading.default\">\n\t\t\t\t<div class=\"elementor-widget-container\">\n\t\t\t\t\t<h2 class=\"elementor-heading-title elementor-size-default\">EcoFlow Home Solutions \u2013 Energy That Goes Wherever You Go<\/h2>\t\t\t\t<\/div>\n\t\t\t\t<\/div>\n\t\t\t\t<div class=\"elementor-element elementor-element-4059b9a elementor-widget elementor-widget-text-editor\" data-id=\"4059b9a\" data-element_type=\"widget\" data-e-type=\"widget\" data-widget_type=\"text-editor.default\">\n\t\t\t\t<div class=\"elementor-widget-container\">\n\t\t\t\t\t\t\t\t\t<p>EcoFlow Home Solutions offers innovative energy solutions for households, providing safety, convenience, and sustainability in everyday life. Designed for use at home, in vacation cottages, or on the go, EcoFlow products ensure that you always have energy at your fingertips, no matter the situation. Home-use systems include portable high-capacity battery stations and solar panels, which provide reliable power for devices such as televisions, refrigerators,\u00a0<\/p>\t\t\t\t\t\t\t\t<\/div>\n\t\t\t\t<\/div>\n\t\t<div class=\"elementor-element elementor-element-156d048 e-con-full e-flex e-con e-child\" data-id=\"156d048\" data-element_type=\"container\" data-e-type=\"container\">\n\t\t<div class=\"elementor-element elementor-element-1df588e e-con-full e-flex e-con e-child\" data-id=\"1df588e\" data-element_type=\"container\" data-e-type=\"container\">\n\t\t\t\t<div class=\"elementor-element elementor-element-a75f3f6 elementor-widget elementor-widget-image\" data-id=\"a75f3f6\" data-element_type=\"widget\" data-e-type=\"widget\" data-widget_type=\"image.default\">\n\t\t\t\t<div class=\"elementor-widget-container\">\n\t\t\t\t\t\t\t\t\t\t\t\t\t\t\t<img decoding=\"async\" width=\"1920\" height=\"1080\" src=\"https:\/\/gridx.rs\/wp-content\/uploads\/2024\/12\/ecoflow-01.jpg\" class=\"elementor-animation-shrink attachment-full size-full wp-image-4516\" alt=\"\" srcset=\"https:\/\/gridx.rs\/wp-content\/uploads\/2024\/12\/ecoflow-01.jpg 1920w, https:\/\/gridx.rs\/wp-content\/uploads\/2024\/12\/ecoflow-01-300x169.jpg 300w, https:\/\/gridx.rs\/wp-content\/uploads\/2024\/12\/ecoflow-01-1024x576.jpg 1024w, https:\/\/gridx.rs\/wp-content\/uploads\/2024\/12\/ecoflow-01-768x432.jpg 768w, https:\/\/gridx.rs\/wp-content\/uploads\/2024\/12\/ecoflow-01-1536x864.jpg 1536w, https:\/\/gridx.rs\/wp-content\/uploads\/2024\/12\/ecoflow-01-18x10.jpg 18w\" sizes=\"(max-width: 1920px) 100vw, 1920px\" \/>\t\t\t\t\t\t\t\t\t\t\t\t\t\t\t<\/div>\n\t\t\t\t<\/div>\n\t\t\t\t<\/div>\n\t\t<div class=\"elementor-element elementor-element-bc6c293 e-con-full e-flex e-con e-child\" data-id=\"bc6c293\" data-element_type=\"container\" data-e-type=\"container\">\n\t\t\t\t<div class=\"elementor-element elementor-element-0fd7ca9 elementor-widget elementor-widget-text-editor\" data-id=\"0fd7ca9\" data-element_type=\"widget\" data-e-type=\"widget\" data-widget_type=\"text-editor.default\">\n\t\t\t\t<div class=\"elementor-widget-container\">\n\t\t\t\t\t\t\t\t\t<p>computers, and other appliances. Their simple installation and ease of use make them perfect for emergencies like power outages, as well as for everyday needs. A key advantage of EcoFlow Home Solutions is the ability to optimize energy consumption by using renewable sources.<\/p><p>These devices help reduce the ecological footprint, making your home more sustainable and energy-efficient. Whether you\u2019re at home or on the move, EcoFlow is your reliable partner for all your energy needs.<\/p>\t\t\t\t\t\t\t\t<\/div>\n\t\t\t\t<\/div>\n\t\t\t\t<div class=\"elementor-element elementor-element-e14d419 elementor-widget elementor-widget-button\" data-id=\"e14d419\" data-element_type=\"widget\" data-e-type=\"widget\" data-widget_type=\"button.default\">\n\t\t\t\t<div class=\"elementor-widget-container\">\n\t\t\t\t\t\t\t\t\t<div class=\"elementor-button-wrapper\">\n\t\t\t\t\t<a class=\"elementor-button elementor-button-link elementor-size-sm elementor-animation-grow\" href=\"mailto:office@gridx.rs\">\n\t\t\t\t\t\t<span class=\"elementor-button-content-wrapper\">\n\t\t\t\t\t\t\t\t\t<span class=\"elementor-button-text\">CONTACT US<\/span>\n\t\t\t\t\t<\/span>\n\t\t\t\t\t<\/a>\n\t\t\t\t<\/div>\n\t\t\t\t\t\t\t\t<\/div>\n\t\t\t\t<\/div>\n\t\t\t\t<\/div>\n\t\t\t\t<\/div>\n\t\t\t\t<div class=\"elementor-element elementor-element-6961d45 elementor-widget__width-inherit elementor-widget elementor-widget-heading\" data-id=\"6961d45\" data-element_type=\"widget\" data-e-type=\"widget\" data-widget_type=\"heading.default\">\n\t\t\t\t<div class=\"elementor-widget-container\">\n\t\t\t\t\t<h2 class=\"elementor-heading-title elementor-size-default\">EcoFlow Grid Power \u2013 Reliable Energy Anytime, Anywhere<\/h2>\t\t\t\t<\/div>\n\t\t\t\t<\/div>\n\t\t\t\t<div class=\"elementor-element elementor-element-fe7b6fb elementor-widget elementor-widget-text-editor\" data-id=\"fe7b6fb\" data-element_type=\"widget\" data-e-type=\"widget\" data-widget_type=\"text-editor.default\">\n\t\t\t\t<div class=\"elementor-widget-container\">\n\t\t\t\t\t\t\t\t\t<p>EcoFlow Grid Power represents an advanced solution for stable and efficient electricity supply, ideal for situations requiring a constant and dependable power source. Whether used in commercial facilities, remote locations, or industrial processes, EcoFlow Grid Power systems provide flexible and sustainable energy management. These systems combine renewable energy sources, such as solar panels, with powerful battery modules for energy\u00a0<\/p>\t\t\t\t\t\t\t\t<\/div>\n\t\t\t\t<\/div>\n\t\t<div class=\"elementor-element elementor-element-ca80184 e-con-full e-flex e-con e-child\" data-id=\"ca80184\" data-element_type=\"container\" data-e-type=\"container\">\n\t\t<div class=\"elementor-element elementor-element-9fd37cf e-con-full e-flex e-con e-child\" data-id=\"9fd37cf\" data-element_type=\"container\" data-e-type=\"container\">\n\t\t\t\t<div class=\"elementor-element elementor-element-0f2fdcb elementor-widget elementor-widget-image\" data-id=\"0f2fdcb\" data-element_type=\"widget\" data-e-type=\"widget\" data-widget_type=\"image.default\">\n\t\t\t\t<div class=\"elementor-widget-container\">\n\t\t\t\t\t\t\t\t\t\t\t\t\t\t\t<img decoding=\"async\" width=\"1920\" height=\"1080\" src=\"https:\/\/gridx.rs\/wp-content\/uploads\/2024\/12\/ecoflow-02.jpg\" class=\"elementor-animation-shrink attachment-full size-full wp-image-4517\" alt=\"\" srcset=\"https:\/\/gridx.rs\/wp-content\/uploads\/2024\/12\/ecoflow-02.jpg 1920w, https:\/\/gridx.rs\/wp-content\/uploads\/2024\/12\/ecoflow-02-300x169.jpg 300w, https:\/\/gridx.rs\/wp-content\/uploads\/2024\/12\/ecoflow-02-1024x576.jpg 1024w, https:\/\/gridx.rs\/wp-content\/uploads\/2024\/12\/ecoflow-02-768x432.jpg 768w, https:\/\/gridx.rs\/wp-content\/uploads\/2024\/12\/ecoflow-02-1536x864.jpg 1536w, https:\/\/gridx.rs\/wp-content\/uploads\/2024\/12\/ecoflow-02-18x10.jpg 18w\" sizes=\"(max-width: 1920px) 100vw, 1920px\" \/>\t\t\t\t\t\t\t\t\t\t\t\t\t\t\t<\/div>\n\t\t\t\t<\/div>\n\t\t\t\t<\/div>\n\t\t<div class=\"elementor-element elementor-element-547a338 e-con-full e-flex e-con e-child\" data-id=\"547a338\" data-element_type=\"container\" data-e-type=\"container\">\n\t\t\t\t<div class=\"elementor-element elementor-element-f9f26d4 elementor-widget elementor-widget-text-editor\" data-id=\"f9f26d4\" data-element_type=\"widget\" data-e-type=\"widget\" data-widget_type=\"text-editor.default\">\n\t\t\t\t<div class=\"elementor-widget-container\">\n\t\t\t\t\t\t\t\t\t<p>storage. With intelligent consumption control and seamless integration with existing grid systems, EcoFlow Grid Power reduces dependency on traditional energy sources and operational costs. With high efficiency, durability, and resistance to various working conditions, EcoFlow Grid Power is the perfect solution for companies and organizations seeking stable and environmentally friendly energy.<\/p><p>This technology enables users to enhance energy independence, optimize consumption, and improve the sustainability of their operations.<\/p>\t\t\t\t\t\t\t\t<\/div>\n\t\t\t\t<\/div>\n\t\t\t\t<div class=\"elementor-element elementor-element-9a8d7c6 elementor-widget elementor-widget-button\" data-id=\"9a8d7c6\" data-element_type=\"widget\" data-e-type=\"widget\" data-widget_type=\"button.default\">\n\t\t\t\t<div class=\"elementor-widget-container\">\n\t\t\t\t\t\t\t\t\t<div class=\"elementor-button-wrapper\">\n\t\t\t\t\t<a class=\"elementor-button elementor-button-link elementor-size-sm elementor-animation-grow\" href=\"mailto:office@gridx.rs\">\n\t\t\t\t\t\t<span class=\"elementor-button-content-wrapper\">\n\t\t\t\t\t\t\t\t\t<span class=\"elementor-button-text\">CONTACT US<\/span>\n\t\t\t\t\t<\/span>\n\t\t\t\t\t<\/a>\n\t\t\t\t<\/div>\n\t\t\t\t\t\t\t\t<\/div>\n\t\t\t\t<\/div>\n\t\t\t\t<\/div>\n\t\t\t\t<\/div>\n\t\t\t\t<\/div>\n\t\t\t\t\t<\/div>\n\t\t\t\t<\/div>\n\t\t\t\t<\/div>","protected":false},"excerpt":{"rendered":"<p>EcoFlow \u2013 Revolucija u svetu prenosive i odr\u017eive energije EcoFlow predstavlja revoluciju u svetu prenosivih i odr\u017eivih energetskih re\u0161enja, nude\u0107i mo\u0107ne, pouzdane i fleksibilne ure\u0111aje za napajanje. Ova re\u0161enja su dizajnirana da zadovolje sve potrebe, bilo za svakodnevne situacije, hitne slu\u010dajeve ili profesionalnu upotrebu na terenu. Klju\u010dna prednost EcoFlow proizvoda je njihov ekolo\u0161ki aspekt. Kori\u0161\u0107enjem [&hellip;]<\/p>\n","protected":false},"author":1,"featured_media":0,"parent":0,"menu_order":0,"comment_status":"closed","ping_status":"closed","template":"elementor_header_footer","meta":{"footnotes":""},"class_list":["post-4483","page","type-page","status-publish","hentry"],"_links":{"self":[{"href":"https:\/\/gridx.rs\/en\/wp-json\/wp\/v2\/pages\/4483","targetHints":{"allow":["GET"]}}],"collection":[{"href":"https:\/\/gridx.rs\/en\/wp-json\/wp\/v2\/pages"}],"about":[{"href":"https:\/\/gridx.rs\/en\/wp-json\/wp\/v2\/types\/page"}],"author":[{"embeddable":true,"href":"https:\/\/gridx.rs\/en\/wp-json\/wp\/v2\/users\/1"}],"replies":[{"embeddable":true,"href":"https:\/\/gridx.rs\/en\/wp-json\/wp\/v2\/comments?post=4483"}],"version-history":[{"count":101,"href":"https:\/\/gridx.rs\/en\/wp-json\/wp\/v2\/pages\/4483\/revisions"}],"predecessor-version":[{"id":5327,"href":"https:\/\/gridx.rs\/en\/wp-json\/wp\/v2\/pages\/4483\/revisions\/5327"}],"wp:attachment":[{"href":"https:\/\/gridx.rs\/en\/wp-json\/wp\/v2\/media?parent=4483"}],"curies":[{"name":"wp","href":"https:\/\/api.w.org\/{rel}","templated":true}]}}