{"id":3832,"date":"2024-12-17T12:24:58","date_gmt":"2024-12-17T12:24:58","guid":{"rendered":"https:\/\/gridx.rs\/?page_id=3832"},"modified":"2024-12-27T21:19:16","modified_gmt":"2024-12-27T21:19:16","slug":"sniffer-4d-mini2","status":"publish","type":"page","link":"https:\/\/gridx.rs\/en\/sniffer-4d-mini2\/","title":{"rendered":"Sniffer 4D Mini2"},"content":{"rendered":"<style>.elementor-3832 .elementor-element.elementor-element-d8fd6e8{--display:flex;--flex-direction:row;--container-widget-width:calc( ( 1 - var( --container-widget-flex-grow ) ) * 100% );--container-widget-height:100%;--container-widget-flex-grow:1;--container-widget-align-self:stretch;--flex-wrap-mobile:wrap;--align-items:stretch;--gap:10px 10px;--row-gap:10px;--column-gap:10px;--margin-top:0px;--margin-bottom:0px;--margin-left:0px;--margin-right:0px;--padding-top:30px;--padding-bottom:30px;--padding-left:0px;--padding-right:0px;}.elementor-3832 .elementor-element.elementor-element-bd7ba4d{--display:flex;--justify-content:center;--align-items:center;--container-widget-width:calc( ( 1 - var( --container-widget-flex-grow ) ) * 100% );--margin-top:0px;--margin-bottom:0px;--margin-left:0px;--margin-right:0px;--padding-top:0px;--padding-bottom:0px;--padding-left:0px;--padding-right:0px;}.elementor-3832 .elementor-element.elementor-element-8dd7999 img{opacity:0.83;border-radius:30px 30px 30px 30px;}.elementor-3832 .elementor-element.elementor-element-8dd7999 > .elementor-widget-container{padding:0px 0px 0px 0px;}.elementor-3832 .elementor-element.elementor-element-43cb6d5 .elementor-heading-title{font-family:var( --e-global-typography-eddebef-font-family ), Sans-serif;font-size:var( --e-global-typography-eddebef-font-size );font-weight:var( --e-global-typography-eddebef-font-weight );text-transform:var( --e-global-typography-eddebef-text-transform );line-height:var( --e-global-typography-eddebef-line-height );letter-spacing:var( --e-global-typography-eddebef-letter-spacing );word-spacing:var( --e-global-typography-eddebef-word-spacing );color:var( --e-global-color-primary );}.elementor-3832 .elementor-element.elementor-element-43cb6d5 > .elementor-widget-container{padding:30px 0px 30px 0px;}.elementor-3832 .elementor-element.elementor-element-43cb6d5{width:100%;max-width:100%;}.elementor-3832 .elementor-element.elementor-element-43cb6d5.elementor-element{--align-self:flex-start;}.elementor-3832 .elementor-element.elementor-element-4059b9a > .elementor-widget-container{padding:0px 0px 0px 0px;}.elementor-3832 .elementor-element.elementor-element-a98243e{--display:flex;--flex-direction:row;--container-widget-width:calc( ( 1 - var( --container-widget-flex-grow ) ) * 100% );--container-widget-height:100%;--container-widget-flex-grow:1;--container-widget-align-self:stretch;--flex-wrap-mobile:wrap;--justify-content:center;--align-items:center;--gap:10px 10px;--row-gap:10px;--column-gap:10px;--margin-top:0px;--margin-bottom:0px;--margin-left:0px;--margin-right:0px;--padding-top:30px;--padding-bottom:30px;--padding-left:0px;--padding-right:0px;}.elementor-3832 .elementor-element.elementor-element-59f5deb{--display:flex;--margin-top:0px;--margin-bottom:0px;--margin-left:0px;--margin-right:0px;--padding-top:0px;--padding-bottom:0px;--padding-left:30px;--padding-right:30px;}.elementor-3832 .elementor-element.elementor-element-63fcc65 img{transition-duration:1s;border-radius:30px 30px 30px 30px;}.elementor-3832 .elementor-element.elementor-element-63fcc65 > .elementor-widget-container{padding:0px 15px 0px 15px;}.elementor-3832 .elementor-element.elementor-element-0040fb0{--display:flex;--flex-direction:row;--container-widget-width:initial;--container-widget-height:100%;--container-widget-flex-grow:1;--container-widget-align-self:stretch;--flex-wrap-mobile:wrap;--margin-top:0px;--margin-bottom:0px;--margin-left:0px;--margin-right:0px;--padding-top:0px;--padding-bottom:0px;--padding-left:0px;--padding-right:0px;}.elementor-3832 .elementor-element.elementor-element-02ac8ab img{transition-duration:1s;border-radius:30px 30px 30px 30px;}.elementor-3832 .elementor-element.elementor-element-02ac8ab > .elementor-widget-container{padding:0px 15px 0px 15px;}.elementor-3832 .elementor-element.elementor-element-0d88eb8 img{transition-duration:1s;border-radius:30px 30px 30px 30px;}.elementor-3832 .elementor-element.elementor-element-0d88eb8 > .elementor-widget-container{padding:0px 15px 0px 15px;}.elementor-3832 .elementor-element.elementor-element-84ac148{--display:flex;--margin-top:0px;--margin-bottom:0px;--margin-left:0px;--margin-right:0px;--padding-top:0px;--padding-bottom:0px;--padding-left:30px;--padding-right:30px;}.elementor-3832 .elementor-element.elementor-element-5750943 .elementor-heading-title{font-family:var( --e-global-typography-5671b07-font-family ), Sans-serif;font-size:var( --e-global-typography-5671b07-font-size );font-weight:var( --e-global-typography-5671b07-font-weight );line-height:var( --e-global-typography-5671b07-line-height );letter-spacing:var( --e-global-typography-5671b07-letter-spacing );word-spacing:var( --e-global-typography-5671b07-word-spacing );color:var( --e-global-color-primary );}.elementor-3832 .elementor-element.elementor-element-5750943 > .elementor-widget-container{padding:0px 0px 0px 0px;}.elementor-3832 .elementor-element.elementor-element-5750943.elementor-element{--align-self:flex-start;}.elementor-3832 .elementor-element.elementor-element-fe61e1e > .elementor-widget-container{padding:0px 0px 0px 0px;}.elementor-3832 .elementor-element.elementor-element-deab498 .elementor-heading-title{font-family:var( --e-global-typography-5671b07-font-family ), Sans-serif;font-size:var( --e-global-typography-5671b07-font-size );font-weight:var( --e-global-typography-5671b07-font-weight );line-height:var( --e-global-typography-5671b07-line-height );letter-spacing:var( --e-global-typography-5671b07-letter-spacing );word-spacing:var( --e-global-typography-5671b07-word-spacing );color:var( --e-global-color-primary );}.elementor-3832 .elementor-element.elementor-element-deab498 > .elementor-widget-container{padding:0px 0px 0px 0px;}.elementor-3832 .elementor-element.elementor-element-deab498.elementor-element{--align-self:flex-start;}.elementor-3832 .elementor-element.elementor-element-ba7be45 > .elementor-widget-container{padding:0px 0px 0px 0px;}.elementor-3832 .elementor-element.elementor-element-69dd596 .elementor-button{font-weight:700;fill:#EF804A;color:#EF804A;background-color:#232325;box-shadow:-4px -5px 3px 0px #2B2B2B;transition-duration:0.3s;border-style:solid;border-width:1px 1px 1px 1px;border-color:#232325E6;}.elementor-3832 .elementor-element.elementor-element-69dd596 .elementor-button:hover, .elementor-3832 .elementor-element.elementor-element-69dd596 .elementor-button:focus{color:#EF804A;background-color:#232325E6;border-color:#232325E6;}.elementor-3832 .elementor-element.elementor-element-69dd596 .elementor-button:hover svg, .elementor-3832 .elementor-element.elementor-element-69dd596 .elementor-button:focus svg{fill:#EF804A;}@media(max-width:1024px) and (min-width:768px){.elementor-3832 .elementor-element.elementor-element-bd7ba4d{--width:100%;}.elementor-3832 .elementor-element.elementor-element-59f5deb{--width:100%;}.elementor-3832 .elementor-element.elementor-element-0040fb0{--width:100%;}.elementor-3832 .elementor-element.elementor-element-84ac148{--width:100%;}}@media(max-width:1024px){.elementor-3832 .elementor-element.elementor-element-d8fd6e8{--padding-top:30px;--padding-bottom:30px;--padding-left:30px;--padding-right:30px;}.elementor-3832 .elementor-element.elementor-element-bd7ba4d{--margin-top:0px;--margin-bottom:0px;--margin-left:0px;--margin-right:0px;--padding-top:0px;--padding-bottom:0px;--padding-left:0px;--padding-right:0px;}.elementor-3832 .elementor-element.elementor-element-43cb6d5 .elementor-heading-title{font-size:var( --e-global-typography-eddebef-font-size );line-height:var( --e-global-typography-eddebef-line-height );letter-spacing:var( --e-global-typography-eddebef-letter-spacing );word-spacing:var( --e-global-typography-eddebef-word-spacing );}.elementor-3832 .elementor-element.elementor-element-43cb6d5 > .elementor-widget-container{padding:10px 0px 10px 0px;}.elementor-3832 .elementor-element.elementor-element-4059b9a > .elementor-widget-container{margin:0px 0px 0px 0px;}.elementor-3832 .elementor-element.elementor-element-a98243e{--flex-direction:column;--container-widget-width:calc( ( 1 - var( --container-widget-flex-grow ) ) * 100% );--container-widget-height:initial;--container-widget-flex-grow:0;--container-widget-align-self:initial;--flex-wrap-mobile:wrap;--align-items:flex-start;--gap:20px 20px;--row-gap:20px;--column-gap:20px;--padding-top:0px;--padding-bottom:0px;--padding-left:30px;--padding-right:30px;}.elementor-3832 .elementor-element.elementor-element-59f5deb{--justify-content:center;--margin-top:0px;--margin-bottom:0px;--margin-left:0px;--margin-right:0px;--padding-top:0px;--padding-bottom:30px;--padding-left:0px;--padding-right:0px;}.elementor-3832 .elementor-element.elementor-element-63fcc65 > .elementor-widget-container{padding:0px 0px 0px 0px;}.elementor-3832 .elementor-element.elementor-element-0040fb0{--justify-content:center;--margin-top:0px;--margin-bottom:0px;--margin-left:0px;--margin-right:0px;--padding-top:0px;--padding-bottom:0px;--padding-left:0px;--padding-right:0px;}.elementor-3832 .elementor-element.elementor-element-02ac8ab > .elementor-widget-container{padding:0px 0px 0px 0px;}.elementor-3832 .elementor-element.elementor-element-0d88eb8 > .elementor-widget-container{padding:0px 0px 0px 0px;}.elementor-3832 .elementor-element.elementor-element-84ac148{--justify-content:center;--margin-top:0px;--margin-bottom:0px;--margin-left:0px;--margin-right:0px;--padding-top:0px;--padding-bottom:0px;--padding-left:0px;--padding-right:0px;}.elementor-3832 .elementor-element.elementor-element-5750943 .elementor-heading-title{font-size:var( --e-global-typography-5671b07-font-size );line-height:var( --e-global-typography-5671b07-line-height );letter-spacing:var( --e-global-typography-5671b07-letter-spacing );word-spacing:var( --e-global-typography-5671b07-word-spacing );}.elementor-3832 .elementor-element.elementor-element-fe61e1e{text-align:start;}.elementor-3832 .elementor-element.elementor-element-deab498 .elementor-heading-title{font-size:var( --e-global-typography-5671b07-font-size );line-height:var( --e-global-typography-5671b07-line-height );letter-spacing:var( --e-global-typography-5671b07-letter-spacing );word-spacing:var( --e-global-typography-5671b07-word-spacing );}.elementor-3832 .elementor-element.elementor-element-ba7be45{text-align:start;}}@media(max-width:767px){.elementor-3832 .elementor-element.elementor-element-d8fd6e8{--padding-top:30px;--padding-bottom:30px;--padding-left:30px;--padding-right:30px;}.elementor-3832 .elementor-element.elementor-element-bd7ba4d{--padding-top:0px;--padding-bottom:0px;--padding-left:0px;--padding-right:0px;}.elementor-3832 .elementor-element.elementor-element-8dd7999 img{height:375px;object-fit:cover;object-position:center center;}.elementor-3832 .elementor-element.elementor-element-43cb6d5 .elementor-heading-title{font-size:var( --e-global-typography-eddebef-font-size );line-height:var( --e-global-typography-eddebef-line-height );letter-spacing:var( --e-global-typography-eddebef-letter-spacing );word-spacing:var( --e-global-typography-eddebef-word-spacing );}.elementor-3832 .elementor-element.elementor-element-a98243e{--padding-top:0px;--padding-bottom:0px;--padding-left:30px;--padding-right:30px;}.elementor-3832 .elementor-element.elementor-element-59f5deb{--padding-top:0px;--padding-bottom:0px;--padding-left:0px;--padding-right:0px;}.elementor-3832 .elementor-element.elementor-element-63fcc65 > .elementor-widget-container{padding:0px 0px 0px 0px;}.elementor-3832 .elementor-element.elementor-element-0040fb0{--padding-top:0px;--padding-bottom:0px;--padding-left:0px;--padding-right:0px;}.elementor-3832 .elementor-element.elementor-element-02ac8ab > .elementor-widget-container{padding:0px 0px 0px 0px;}.elementor-3832 .elementor-element.elementor-element-0d88eb8 > .elementor-widget-container{padding:0px 0px 0px 0px;}.elementor-3832 .elementor-element.elementor-element-84ac148{--padding-top:0px;--padding-bottom:0px;--padding-left:0px;--padding-right:0px;}.elementor-3832 .elementor-element.elementor-element-5750943 .elementor-heading-title{font-size:var( --e-global-typography-5671b07-font-size );line-height:var( --e-global-typography-5671b07-line-height );letter-spacing:var( --e-global-typography-5671b07-letter-spacing );word-spacing:var( --e-global-typography-5671b07-word-spacing );}.elementor-3832 .elementor-element.elementor-element-5750943 > .elementor-widget-container{padding:10px 0px 0px 0px;}.elementor-3832 .elementor-element.elementor-element-fe61e1e > .elementor-widget-container{padding:10px 0px 0px 0px;}.elementor-3832 .elementor-element.elementor-element-deab498 .elementor-heading-title{font-size:var( --e-global-typography-5671b07-font-size );line-height:var( --e-global-typography-5671b07-line-height );letter-spacing:var( --e-global-typography-5671b07-letter-spacing );word-spacing:var( --e-global-typography-5671b07-word-spacing );}.elementor-3832 .elementor-element.elementor-element-deab498 > .elementor-widget-container{padding:10px 0px 0px 0px;}.elementor-3832 .elementor-element.elementor-element-ba7be45 > .elementor-widget-container{padding:10px 0px 0px 0px;}}<\/style>\t\t<div data-elementor-type=\"wp-page\" data-elementor-id=\"3832\" class=\"elementor elementor-3832\" data-elementor-post-type=\"page\">\n\t\t\t\t<div class=\"elementor-element elementor-element-d8fd6e8 e-flex e-con-boxed e-con e-parent\" data-id=\"d8fd6e8\" data-element_type=\"container\" data-e-type=\"container\">\n\t\t\t\t\t<div class=\"e-con-inner\">\n\t\t<div class=\"elementor-element elementor-element-bd7ba4d e-con-full e-flex e-con e-child\" data-id=\"bd7ba4d\" data-element_type=\"container\" data-e-type=\"container\">\n\t\t\t\t<div class=\"elementor-element elementor-element-8dd7999 elementor-widget elementor-widget-image\" data-id=\"8dd7999\" data-element_type=\"widget\" data-e-type=\"widget\" data-widget_type=\"image.default\">\n\t\t\t\t<div class=\"elementor-widget-container\">\n\t\t\t\t\t\t\t\t\t\t\t\t\t\t\t<img fetchpriority=\"high\" decoding=\"async\" width=\"1200\" height=\"375\" src=\"https:\/\/gridx.rs\/wp-content\/uploads\/2024\/12\/sniffer4d-mini2-advanced-multi-gas-detection-and-analysis-system-cover.jpg\" class=\"attachment-full size-full wp-image-3837\" alt=\"\" srcset=\"https:\/\/gridx.rs\/wp-content\/uploads\/2024\/12\/sniffer4d-mini2-advanced-multi-gas-detection-and-analysis-system-cover.jpg 1200w, https:\/\/gridx.rs\/wp-content\/uploads\/2024\/12\/sniffer4d-mini2-advanced-multi-gas-detection-and-analysis-system-cover-300x94.jpg 300w, https:\/\/gridx.rs\/wp-content\/uploads\/2024\/12\/sniffer4d-mini2-advanced-multi-gas-detection-and-analysis-system-cover-1024x320.jpg 1024w, https:\/\/gridx.rs\/wp-content\/uploads\/2024\/12\/sniffer4d-mini2-advanced-multi-gas-detection-and-analysis-system-cover-768x240.jpg 768w, https:\/\/gridx.rs\/wp-content\/uploads\/2024\/12\/sniffer4d-mini2-advanced-multi-gas-detection-and-analysis-system-cover-18x6.jpg 18w\" sizes=\"(max-width: 1200px) 100vw, 1200px\" \/>\t\t\t\t\t\t\t\t\t\t\t\t\t\t\t<\/div>\n\t\t\t\t<\/div>\n\t\t\t\t<div class=\"elementor-element elementor-element-43cb6d5 elementor-widget__width-inherit elementor-widget elementor-widget-heading\" data-id=\"43cb6d5\" data-element_type=\"widget\" data-e-type=\"widget\" data-widget_type=\"heading.default\">\n\t\t\t\t<div class=\"elementor-widget-container\">\n\t\t\t\t\t<h2 class=\"elementor-heading-title elementor-size-default\">Sniffer4D Mini2 \u2013 Advanced Multi-Gas Detection and Analysis System<\/h2>\t\t\t\t<\/div>\n\t\t\t\t<\/div>\n\t\t\t\t<div class=\"elementor-element elementor-element-4059b9a elementor-widget elementor-widget-text-editor\" data-id=\"4059b9a\" data-element_type=\"widget\" data-e-type=\"widget\" data-widget_type=\"text-editor.default\">\n\t\t\t\t<div class=\"elementor-widget-container\">\n\t\t\t\t\t\t\t\t\t<p><strong><span style=\"color: #ef804a;\">Sniffer4D Mini2<\/span><\/strong> is a high-tech system for gas detection and analysis, specifically designed for use with drones. This device provides precise measurement of multiple gas concentrations simultaneously, enabling users to collect real-time data and analyze pollution or safety risks in various industrial and urban environments. It is used across a wide range of applications, including air quality monitoring, gas leak detection, emissions analysis, and risk assessment in industrial facilities, mines, urban areas, and natural environments. Sniffer4D Mini2 assists in making informed decisions to reduce pollution, enhance safety, and improve environmental standards.<\/p>\t\t\t\t\t\t\t\t<\/div>\n\t\t\t\t<\/div>\n\t\t\t\t<\/div>\n\t\t\t\t\t<\/div>\n\t\t\t\t<\/div>\n\t\t<div class=\"elementor-element elementor-element-a98243e e-flex e-con-boxed e-con e-parent\" data-id=\"a98243e\" data-element_type=\"container\" data-e-type=\"container\">\n\t\t\t\t\t<div class=\"e-con-inner\">\n\t\t<div class=\"elementor-element elementor-element-59f5deb e-con-full e-flex e-con e-child\" data-id=\"59f5deb\" data-element_type=\"container\" data-e-type=\"container\">\n\t\t\t\t<div class=\"elementor-element elementor-element-63fcc65 elementor-widget elementor-widget-image\" data-id=\"63fcc65\" data-element_type=\"widget\" data-e-type=\"widget\" data-widget_type=\"image.default\">\n\t\t\t\t<div class=\"elementor-widget-container\">\n\t\t\t\t\t\t\t\t\t\t\t\t\t\t\t<img decoding=\"async\" width=\"500\" height=\"500\" src=\"https:\/\/gridx.rs\/wp-content\/uploads\/2024\/12\/sniffer4d-mini2-advanced-multi-gas-detection-and-analysis-system-01.jpg\" class=\"elementor-animation-shrink attachment-full size-full wp-image-3838\" alt=\"\" srcset=\"https:\/\/gridx.rs\/wp-content\/uploads\/2024\/12\/sniffer4d-mini2-advanced-multi-gas-detection-and-analysis-system-01.jpg 500w, https:\/\/gridx.rs\/wp-content\/uploads\/2024\/12\/sniffer4d-mini2-advanced-multi-gas-detection-and-analysis-system-01-300x300.jpg 300w, https:\/\/gridx.rs\/wp-content\/uploads\/2024\/12\/sniffer4d-mini2-advanced-multi-gas-detection-and-analysis-system-01-150x150.jpg 150w, https:\/\/gridx.rs\/wp-content\/uploads\/2024\/12\/sniffer4d-mini2-advanced-multi-gas-detection-and-analysis-system-01-12x12.jpg 12w\" sizes=\"(max-width: 500px) 100vw, 500px\" \/>\t\t\t\t\t\t\t\t\t\t\t\t\t\t\t<\/div>\n\t\t\t\t<\/div>\n\t\t<div class=\"elementor-element elementor-element-0040fb0 e-con-full e-flex e-con e-child\" data-id=\"0040fb0\" data-element_type=\"container\" data-e-type=\"container\">\n\t\t\t\t<div class=\"elementor-element elementor-element-02ac8ab elementor-widget elementor-widget-image\" data-id=\"02ac8ab\" data-element_type=\"widget\" data-e-type=\"widget\" data-widget_type=\"image.default\">\n\t\t\t\t<div class=\"elementor-widget-container\">\n\t\t\t\t\t\t\t\t\t\t\t\t\t\t\t<img decoding=\"async\" width=\"500\" height=\"889\" src=\"https:\/\/gridx.rs\/wp-content\/uploads\/2024\/12\/sniffer4d-mini2-advanced-multi-gas-detection-and-analysis-system-02.jpg\" class=\"elementor-animation-shrink attachment-full size-full wp-image-3839\" alt=\"\" srcset=\"https:\/\/gridx.rs\/wp-content\/uploads\/2024\/12\/sniffer4d-mini2-advanced-multi-gas-detection-and-analysis-system-02.jpg 500w, https:\/\/gridx.rs\/wp-content\/uploads\/2024\/12\/sniffer4d-mini2-advanced-multi-gas-detection-and-analysis-system-02-169x300.jpg 169w, https:\/\/gridx.rs\/wp-content\/uploads\/2024\/12\/sniffer4d-mini2-advanced-multi-gas-detection-and-analysis-system-02-7x12.jpg 7w\" sizes=\"(max-width: 500px) 100vw, 500px\" \/>\t\t\t\t\t\t\t\t\t\t\t\t\t\t\t<\/div>\n\t\t\t\t<\/div>\n\t\t\t\t<div class=\"elementor-element elementor-element-0d88eb8 elementor-widget elementor-widget-image\" data-id=\"0d88eb8\" data-element_type=\"widget\" data-e-type=\"widget\" data-widget_type=\"image.default\">\n\t\t\t\t<div class=\"elementor-widget-container\">\n\t\t\t\t\t\t\t\t\t\t\t\t\t\t\t<img loading=\"lazy\" decoding=\"async\" width=\"500\" height=\"889\" src=\"https:\/\/gridx.rs\/wp-content\/uploads\/2024\/12\/sniffer4d-mini2-advanced-multi-gas-detection-and-analysis-system-03.jpg\" class=\"elementor-animation-shrink attachment-full size-full wp-image-3840\" alt=\"\" srcset=\"https:\/\/gridx.rs\/wp-content\/uploads\/2024\/12\/sniffer4d-mini2-advanced-multi-gas-detection-and-analysis-system-03.jpg 500w, https:\/\/gridx.rs\/wp-content\/uploads\/2024\/12\/sniffer4d-mini2-advanced-multi-gas-detection-and-analysis-system-03-169x300.jpg 169w, https:\/\/gridx.rs\/wp-content\/uploads\/2024\/12\/sniffer4d-mini2-advanced-multi-gas-detection-and-analysis-system-03-7x12.jpg 7w\" sizes=\"(max-width: 500px) 100vw, 500px\" \/>\t\t\t\t\t\t\t\t\t\t\t\t\t\t\t<\/div>\n\t\t\t\t<\/div>\n\t\t\t\t<\/div>\n\t\t\t\t<\/div>\n\t\t<div class=\"elementor-element elementor-element-84ac148 e-con-full e-flex e-con e-child\" data-id=\"84ac148\" data-element_type=\"container\" data-e-type=\"container\">\n\t\t\t\t<div class=\"elementor-element elementor-element-5750943 elementor-widget elementor-widget-heading\" data-id=\"5750943\" data-element_type=\"widget\" data-e-type=\"widget\" data-widget_type=\"heading.default\">\n\t\t\t\t<div class=\"elementor-widget-container\">\n\t\t\t\t\t<h2 class=\"elementor-heading-title elementor-size-default\">Features of Sniffer4D Mini2:<\/h2>\t\t\t\t<\/div>\n\t\t\t\t<\/div>\n\t\t\t\t<div class=\"elementor-element elementor-element-fe61e1e elementor-widget elementor-widget-text-editor\" data-id=\"fe61e1e\" data-element_type=\"widget\" data-e-type=\"widget\" data-widget_type=\"text-editor.default\">\n\t\t\t\t<div class=\"elementor-widget-container\">\n\t\t\t\t\t\t\t\t\t<ul><li><strong><span style=\"color: #ef804a;\">Multi-gas detection:<\/span><\/strong> Simultaneous measurement of up to 9 different gases, including CO, CO\u2082, SO\u2082, NH\u2083, and others.<br \/><br \/><\/li><li><strong><span style=\"color: #ef804a;\">High Precision:<\/span><\/strong> Advanced sensors provide accurate results even in challenging environments.<br \/><br \/><\/li><li><strong><span style=\"color: #ef804a;\">Compact and lightweight design:<\/span><\/strong> Ideal for integration with various types of drones.<br \/><br \/><\/li><li><strong><span style=\"color: #ef804a;\">Real-time data transmission:<\/span><\/strong> Data is immediately transferred to operational platforms, enabling quick responses.<br \/><br \/><\/li><li><strong><span style=\"color: #ef804a;\">Weather resistance:<\/span><\/strong> A robust housing ensures reliable operation in diverse conditions.<\/li><\/ul>\t\t\t\t\t\t\t\t<\/div>\n\t\t\t\t<\/div>\n\t\t\t\t<div class=\"elementor-element elementor-element-deab498 elementor-widget elementor-widget-heading\" data-id=\"deab498\" data-element_type=\"widget\" data-e-type=\"widget\" data-widget_type=\"heading.default\">\n\t\t\t\t<div class=\"elementor-widget-container\">\n\t\t\t\t\t<h2 class=\"elementor-heading-title elementor-size-default\">Software for Analysis and Visualization<\/h2>\t\t\t\t<\/div>\n\t\t\t\t<\/div>\n\t\t\t\t<div class=\"elementor-element elementor-element-ba7be45 elementor-widget elementor-widget-text-editor\" data-id=\"ba7be45\" data-element_type=\"widget\" data-e-type=\"widget\" data-widget_type=\"text-editor.default\">\n\t\t\t\t<div class=\"elementor-widget-container\">\n\t\t\t\t\t\t\t\t\t<p>Sniffer4D Mini2 comes with advanced software that enables detailed analysis and real-time visualization of collected data. The software provides interactive maps with layers showing the concentrations of different gases, making it easier for users to identify critical zones and make informed decisions. Integrated analytics generate detailed reports essential for environmental monitoring, safety assessments, and planning further actions.<\/p>\t\t\t\t\t\t\t\t<\/div>\n\t\t\t\t<\/div>\n\t\t\t\t<div class=\"elementor-element elementor-element-69dd596 elementor-widget elementor-widget-button\" data-id=\"69dd596\" data-element_type=\"widget\" data-e-type=\"widget\" data-widget_type=\"button.default\">\n\t\t\t\t<div class=\"elementor-widget-container\">\n\t\t\t\t\t\t\t\t\t<div class=\"elementor-button-wrapper\">\n\t\t\t\t\t<a class=\"elementor-button elementor-button-link elementor-size-sm elementor-animation-grow\" href=\"https:\/\/www.soarability.com\/\" target=\"_blank\" rel=\"noopener\">\n\t\t\t\t\t\t<span class=\"elementor-button-content-wrapper\">\n\t\t\t\t\t\t\t\t\t<span class=\"elementor-button-text\">www.soarability.com<\/span>\n\t\t\t\t\t<\/span>\n\t\t\t\t\t<\/a>\n\t\t\t\t<\/div>\n\t\t\t\t\t\t\t\t<\/div>\n\t\t\t\t<\/div>\n\t\t\t\t<\/div>\n\t\t\t\t\t<\/div>\n\t\t\t\t<\/div>\n\t\t\t\t<\/div>","protected":false},"excerpt":{"rendered":"<p>Sniffer4D Mini2 \u2013 Napredni sistem za detekciju i analizu vi\u0161e gasova Sniffer4D Mini2 je visokotehnolo\u0161ki sistem za detekciju i analizu gasova, posebno dizajniran za upotrebu sa dronovima. Ovaj ure\u0111aj omogu\u0107ava precizno merenje koncentracija vi\u0161e gasova istovremeno, omogu\u0107avaju\u0107i korisnicima da prikupe podatke u realnom vremenu i analiziraju zaga\u0111enje ili bezbednosne rizike u razli\u010ditim industrijskim i urbanim [&hellip;]<\/p>\n","protected":false},"author":1,"featured_media":0,"parent":0,"menu_order":0,"comment_status":"closed","ping_status":"closed","template":"elementor_header_footer","meta":{"footnotes":""},"class_list":["post-3832","page","type-page","status-publish","hentry"],"_links":{"self":[{"href":"https:\/\/gridx.rs\/en\/wp-json\/wp\/v2\/pages\/3832","targetHints":{"allow":["GET"]}}],"collection":[{"href":"https:\/\/gridx.rs\/en\/wp-json\/wp\/v2\/pages"}],"about":[{"href":"https:\/\/gridx.rs\/en\/wp-json\/wp\/v2\/types\/page"}],"author":[{"embeddable":true,"href":"https:\/\/gridx.rs\/en\/wp-json\/wp\/v2\/users\/1"}],"replies":[{"embeddable":true,"href":"https:\/\/gridx.rs\/en\/wp-json\/wp\/v2\/comments?post=3832"}],"version-history":[{"count":38,"href":"https:\/\/gridx.rs\/en\/wp-json\/wp\/v2\/pages\/3832\/revisions"}],"predecessor-version":[{"id":5360,"href":"https:\/\/gridx.rs\/en\/wp-json\/wp\/v2\/pages\/3832\/revisions\/5360"}],"wp:attachment":[{"href":"https:\/\/gridx.rs\/en\/wp-json\/wp\/v2\/media?parent=3832"}],"curies":[{"name":"wp","href":"https:\/\/api.w.org\/{rel}","templated":true}]}}