{"id":3781,"date":"2024-12-17T11:43:24","date_gmt":"2024-12-17T11:43:24","guid":{"rendered":"https:\/\/gridx.rs\/?page_id=3781"},"modified":"2025-01-11T12:37:22","modified_gmt":"2025-01-11T12:37:22","slug":"dji-dock-2","status":"publish","type":"page","link":"https:\/\/gridx.rs\/en\/dji-dock-2\/","title":{"rendered":"DJI Dock 2"},"content":{"rendered":"<style>.elementor-3781 .elementor-element.elementor-element-d8fd6e8{--display:flex;--flex-direction:row;--container-widget-width:calc( ( 1 - var( --container-widget-flex-grow ) ) * 100% );--container-widget-height:100%;--container-widget-flex-grow:1;--container-widget-align-self:stretch;--flex-wrap-mobile:wrap;--align-items:stretch;--gap:10px 10px;--row-gap:10px;--column-gap:10px;--margin-top:0px;--margin-bottom:0px;--margin-left:0px;--margin-right:0px;--padding-top:30px;--padding-bottom:30px;--padding-left:0px;--padding-right:0px;}.elementor-3781 .elementor-element.elementor-element-bd7ba4d{--display:flex;--justify-content:center;--align-items:center;--container-widget-width:calc( ( 1 - var( --container-widget-flex-grow ) ) * 100% );--margin-top:0px;--margin-bottom:0px;--margin-left:0px;--margin-right:0px;--padding-top:0px;--padding-bottom:0px;--padding-left:0px;--padding-right:0px;}.elementor-3781 .elementor-element.elementor-element-8dd7999 img{opacity:0.83;border-radius:30px 30px 30px 30px;}.elementor-3781 .elementor-element.elementor-element-8dd7999 > .elementor-widget-container{padding:0px 0px 0px 0px;}.elementor-3781 .elementor-element.elementor-element-43cb6d5 .elementor-heading-title{font-family:var( --e-global-typography-eddebef-font-family ), Sans-serif;font-size:var( --e-global-typography-eddebef-font-size );font-weight:var( --e-global-typography-eddebef-font-weight );text-transform:var( --e-global-typography-eddebef-text-transform );line-height:var( --e-global-typography-eddebef-line-height );letter-spacing:var( --e-global-typography-eddebef-letter-spacing );word-spacing:var( --e-global-typography-eddebef-word-spacing );color:var( --e-global-color-primary );}.elementor-3781 .elementor-element.elementor-element-43cb6d5 > .elementor-widget-container{padding:30px 0px 30px 0px;}.elementor-3781 .elementor-element.elementor-element-43cb6d5{width:100%;max-width:100%;}.elementor-3781 .elementor-element.elementor-element-43cb6d5.elementor-element{--align-self:flex-start;}.elementor-3781 .elementor-element.elementor-element-4059b9a > .elementor-widget-container{padding:0px 0px 0px 0px;}.elementor-3781 .elementor-element.elementor-element-a98243e{--display:flex;--flex-direction:row;--container-widget-width:calc( ( 1 - var( --container-widget-flex-grow ) ) * 100% );--container-widget-height:100%;--container-widget-flex-grow:1;--container-widget-align-self:stretch;--flex-wrap-mobile:wrap;--justify-content:center;--align-items:center;--gap:10px 10px;--row-gap:10px;--column-gap:10px;--margin-top:0px;--margin-bottom:0px;--margin-left:0px;--margin-right:0px;--padding-top:30px;--padding-bottom:30px;--padding-left:0px;--padding-right:0px;}.elementor-3781 .elementor-element.elementor-element-59f5deb{--display:flex;--margin-top:0px;--margin-bottom:0px;--margin-left:0px;--margin-right:0px;--padding-top:0px;--padding-bottom:0px;--padding-left:30px;--padding-right:30px;}.elementor-3781 .elementor-element.elementor-element-63fcc65 img{transition-duration:1s;border-radius:30px 30px 30px 30px;}.elementor-3781 .elementor-element.elementor-element-63fcc65 > .elementor-widget-container{padding:0px 15px 0px 15px;}.elementor-3781 .elementor-element.elementor-element-0040fb0{--display:flex;--flex-direction:row;--container-widget-width:initial;--container-widget-height:100%;--container-widget-flex-grow:1;--container-widget-align-self:stretch;--flex-wrap-mobile:wrap;--margin-top:0px;--margin-bottom:0px;--margin-left:0px;--margin-right:0px;--padding-top:0px;--padding-bottom:0px;--padding-left:0px;--padding-right:0px;}.elementor-3781 .elementor-element.elementor-element-02ac8ab img{transition-duration:1s;border-radius:30px 30px 30px 30px;}.elementor-3781 .elementor-element.elementor-element-02ac8ab > .elementor-widget-container{padding:0px 15px 0px 15px;}.elementor-3781 .elementor-element.elementor-element-0d88eb8 img{transition-duration:1s;border-radius:30px 30px 30px 30px;}.elementor-3781 .elementor-element.elementor-element-0d88eb8 > .elementor-widget-container{padding:0px 15px 0px 15px;}.elementor-3781 .elementor-element.elementor-element-84ac148{--display:flex;--margin-top:0px;--margin-bottom:0px;--margin-left:0px;--margin-right:0px;--padding-top:0px;--padding-bottom:0px;--padding-left:30px;--padding-right:30px;}.elementor-3781 .elementor-element.elementor-element-5750943 .elementor-heading-title{font-family:var( --e-global-typography-5671b07-font-family ), Sans-serif;font-size:var( --e-global-typography-5671b07-font-size );font-weight:var( --e-global-typography-5671b07-font-weight );line-height:var( --e-global-typography-5671b07-line-height );letter-spacing:var( --e-global-typography-5671b07-letter-spacing );word-spacing:var( --e-global-typography-5671b07-word-spacing );color:var( --e-global-color-primary );}.elementor-3781 .elementor-element.elementor-element-5750943 > .elementor-widget-container{padding:0px 0px 0px 0px;}.elementor-3781 .elementor-element.elementor-element-5750943.elementor-element{--align-self:flex-start;}.elementor-3781 .elementor-element.elementor-element-fe61e1e > .elementor-widget-container{padding:0px 0px 0px 0px;}.elementor-3781 .elementor-element.elementor-element-69dd596 .elementor-button{font-weight:700;fill:#EF804A;color:#EF804A;background-color:#232325;box-shadow:-4px -5px 3px 0px #2B2B2B;transition-duration:0.3s;border-style:solid;border-width:1px 1px 1px 1px;border-color:#232325E6;}.elementor-3781 .elementor-element.elementor-element-69dd596 .elementor-button:hover, .elementor-3781 .elementor-element.elementor-element-69dd596 .elementor-button:focus{color:#EF804A;background-color:#232325E6;border-color:#232325E6;}.elementor-3781 .elementor-element.elementor-element-69dd596 .elementor-button:hover svg, .elementor-3781 .elementor-element.elementor-element-69dd596 .elementor-button:focus svg{fill:#EF804A;}@media(max-width:1024px) and (min-width:768px){.elementor-3781 .elementor-element.elementor-element-bd7ba4d{--width:100%;}.elementor-3781 .elementor-element.elementor-element-59f5deb{--width:100%;}.elementor-3781 .elementor-element.elementor-element-0040fb0{--width:100%;}.elementor-3781 .elementor-element.elementor-element-84ac148{--width:100%;}}@media(max-width:1024px){.elementor-3781 .elementor-element.elementor-element-d8fd6e8{--padding-top:30px;--padding-bottom:30px;--padding-left:30px;--padding-right:30px;}.elementor-3781 .elementor-element.elementor-element-bd7ba4d{--margin-top:0px;--margin-bottom:0px;--margin-left:0px;--margin-right:0px;--padding-top:0px;--padding-bottom:0px;--padding-left:0px;--padding-right:0px;}.elementor-3781 .elementor-element.elementor-element-43cb6d5 .elementor-heading-title{font-size:var( --e-global-typography-eddebef-font-size );line-height:var( --e-global-typography-eddebef-line-height );letter-spacing:var( --e-global-typography-eddebef-letter-spacing );word-spacing:var( --e-global-typography-eddebef-word-spacing );}.elementor-3781 .elementor-element.elementor-element-43cb6d5 > .elementor-widget-container{padding:10px 0px 10px 0px;}.elementor-3781 .elementor-element.elementor-element-4059b9a > .elementor-widget-container{margin:0px 0px 0px 0px;}.elementor-3781 .elementor-element.elementor-element-a98243e{--flex-direction:column;--container-widget-width:calc( ( 1 - var( --container-widget-flex-grow ) ) * 100% );--container-widget-height:initial;--container-widget-flex-grow:0;--container-widget-align-self:initial;--flex-wrap-mobile:wrap;--align-items:flex-start;--gap:20px 20px;--row-gap:20px;--column-gap:20px;--padding-top:0px;--padding-bottom:0px;--padding-left:30px;--padding-right:30px;}.elementor-3781 .elementor-element.elementor-element-59f5deb{--justify-content:center;--margin-top:0px;--margin-bottom:0px;--margin-left:0px;--margin-right:0px;--padding-top:0px;--padding-bottom:30px;--padding-left:0px;--padding-right:0px;}.elementor-3781 .elementor-element.elementor-element-63fcc65 > .elementor-widget-container{padding:0px 0px 0px 0px;}.elementor-3781 .elementor-element.elementor-element-0040fb0{--justify-content:center;--margin-top:0px;--margin-bottom:0px;--margin-left:0px;--margin-right:0px;--padding-top:0px;--padding-bottom:0px;--padding-left:0px;--padding-right:0px;}.elementor-3781 .elementor-element.elementor-element-02ac8ab > .elementor-widget-container{padding:0px 0px 0px 0px;}.elementor-3781 .elementor-element.elementor-element-0d88eb8 > .elementor-widget-container{padding:0px 0px 0px 0px;}.elementor-3781 .elementor-element.elementor-element-84ac148{--justify-content:center;--margin-top:0px;--margin-bottom:0px;--margin-left:0px;--margin-right:0px;--padding-top:0px;--padding-bottom:0px;--padding-left:0px;--padding-right:0px;}.elementor-3781 .elementor-element.elementor-element-5750943 .elementor-heading-title{font-size:var( --e-global-typography-5671b07-font-size );line-height:var( --e-global-typography-5671b07-line-height );letter-spacing:var( --e-global-typography-5671b07-letter-spacing );word-spacing:var( --e-global-typography-5671b07-word-spacing );}.elementor-3781 .elementor-element.elementor-element-fe61e1e{text-align:start;}}@media(max-width:767px){.elementor-3781 .elementor-element.elementor-element-d8fd6e8{--padding-top:30px;--padding-bottom:30px;--padding-left:30px;--padding-right:30px;}.elementor-3781 .elementor-element.elementor-element-bd7ba4d{--padding-top:0px;--padding-bottom:0px;--padding-left:0px;--padding-right:0px;}.elementor-3781 .elementor-element.elementor-element-8dd7999 img{height:375px;object-fit:cover;object-position:center center;}.elementor-3781 .elementor-element.elementor-element-43cb6d5 .elementor-heading-title{font-size:var( --e-global-typography-eddebef-font-size );line-height:var( --e-global-typography-eddebef-line-height );letter-spacing:var( --e-global-typography-eddebef-letter-spacing );word-spacing:var( --e-global-typography-eddebef-word-spacing );}.elementor-3781 .elementor-element.elementor-element-a98243e{--padding-top:0px;--padding-bottom:0px;--padding-left:30px;--padding-right:30px;}.elementor-3781 .elementor-element.elementor-element-59f5deb{--padding-top:0px;--padding-bottom:0px;--padding-left:0px;--padding-right:0px;}.elementor-3781 .elementor-element.elementor-element-63fcc65 > .elementor-widget-container{padding:0px 0px 0px 0px;}.elementor-3781 .elementor-element.elementor-element-0040fb0{--padding-top:0px;--padding-bottom:0px;--padding-left:0px;--padding-right:0px;}.elementor-3781 .elementor-element.elementor-element-02ac8ab > .elementor-widget-container{padding:0px 0px 0px 0px;}.elementor-3781 .elementor-element.elementor-element-0d88eb8 > .elementor-widget-container{padding:0px 0px 0px 0px;}.elementor-3781 .elementor-element.elementor-element-84ac148{--padding-top:0px;--padding-bottom:0px;--padding-left:0px;--padding-right:0px;}.elementor-3781 .elementor-element.elementor-element-5750943 .elementor-heading-title{font-size:var( --e-global-typography-5671b07-font-size );line-height:var( --e-global-typography-5671b07-line-height );letter-spacing:var( --e-global-typography-5671b07-letter-spacing );word-spacing:var( --e-global-typography-5671b07-word-spacing );}.elementor-3781 .elementor-element.elementor-element-5750943 > .elementor-widget-container{padding:10px 0px 0px 0px;}.elementor-3781 .elementor-element.elementor-element-fe61e1e > .elementor-widget-container{padding:10px 0px 0px 0px;}}<\/style>\t\t<div data-elementor-type=\"wp-page\" data-elementor-id=\"3781\" class=\"elementor elementor-3781\" data-elementor-post-type=\"page\">\n\t\t\t\t<div class=\"elementor-element elementor-element-d8fd6e8 e-flex e-con-boxed e-con e-parent\" data-id=\"d8fd6e8\" data-element_type=\"container\" data-e-type=\"container\">\n\t\t\t\t\t<div class=\"e-con-inner\">\n\t\t<div class=\"elementor-element elementor-element-bd7ba4d e-con-full e-flex e-con e-child\" data-id=\"bd7ba4d\" data-element_type=\"container\" data-e-type=\"container\">\n\t\t\t\t<div class=\"elementor-element elementor-element-8dd7999 elementor-widget elementor-widget-image\" data-id=\"8dd7999\" data-element_type=\"widget\" data-e-type=\"widget\" data-widget_type=\"image.default\">\n\t\t\t\t<div class=\"elementor-widget-container\">\n\t\t\t\t\t\t\t\t\t\t\t\t\t\t\t<img fetchpriority=\"high\" decoding=\"async\" width=\"1200\" height=\"375\" src=\"https:\/\/gridx.rs\/wp-content\/uploads\/2024\/12\/dji-dock-2-automation-and-efficiency-at-its-best-cover.jpg\" class=\"attachment-full size-full wp-image-3786\" alt=\"\" srcset=\"https:\/\/gridx.rs\/wp-content\/uploads\/2024\/12\/dji-dock-2-automation-and-efficiency-at-its-best-cover.jpg 1200w, https:\/\/gridx.rs\/wp-content\/uploads\/2024\/12\/dji-dock-2-automation-and-efficiency-at-its-best-cover-300x94.jpg 300w, https:\/\/gridx.rs\/wp-content\/uploads\/2024\/12\/dji-dock-2-automation-and-efficiency-at-its-best-cover-1024x320.jpg 1024w, https:\/\/gridx.rs\/wp-content\/uploads\/2024\/12\/dji-dock-2-automation-and-efficiency-at-its-best-cover-768x240.jpg 768w, https:\/\/gridx.rs\/wp-content\/uploads\/2024\/12\/dji-dock-2-automation-and-efficiency-at-its-best-cover-18x6.jpg 18w\" sizes=\"(max-width: 1200px) 100vw, 1200px\" \/>\t\t\t\t\t\t\t\t\t\t\t\t\t\t\t<\/div>\n\t\t\t\t<\/div>\n\t\t\t\t<div class=\"elementor-element elementor-element-43cb6d5 elementor-widget__width-inherit elementor-widget elementor-widget-heading\" data-id=\"43cb6d5\" data-element_type=\"widget\" data-e-type=\"widget\" data-widget_type=\"heading.default\">\n\t\t\t\t<div class=\"elementor-widget-container\">\n\t\t\t\t\t<h2 class=\"elementor-heading-title elementor-size-default\">DJI Dock 2 \u2013 Automation and Efficiency at Its Best<\/h2>\t\t\t\t<\/div>\n\t\t\t\t<\/div>\n\t\t\t\t<div class=\"elementor-element elementor-element-4059b9a elementor-widget elementor-widget-text-editor\" data-id=\"4059b9a\" data-element_type=\"widget\" data-e-type=\"widget\" data-widget_type=\"text-editor.default\">\n\t\t\t\t<div class=\"elementor-widget-container\">\n\t\t\t\t\t\t\t\t\t<p><strong><span style=\"color: #ef804a;\">DJI Dock 2<\/span><\/strong> is a revolutionary solution for fully automated drone operations, designed to enhance efficiency and reduce the need for manual supervision. This system represents the latest generation of DJI technology, tailored for missions requiring continuous monitoring, inspection, and oversight across vast distances. Dock 2 enables automatic takeoff, landing, and drone charging, ensuring seamless operation and drone availability at all times. Its robust design, weather resistance, and advanced sensors make it ideal for use in various industries, including energy, infrastructure, public safety, agriculture, and many others.<\/p>\t\t\t\t\t\t\t\t<\/div>\n\t\t\t\t<\/div>\n\t\t\t\t<\/div>\n\t\t\t\t\t<\/div>\n\t\t\t\t<\/div>\n\t\t<div class=\"elementor-element elementor-element-a98243e e-flex e-con-boxed e-con e-parent\" data-id=\"a98243e\" data-element_type=\"container\" data-e-type=\"container\">\n\t\t\t\t\t<div class=\"e-con-inner\">\n\t\t<div class=\"elementor-element elementor-element-59f5deb e-con-full e-flex e-con e-child\" data-id=\"59f5deb\" data-element_type=\"container\" data-e-type=\"container\">\n\t\t\t\t<div class=\"elementor-element elementor-element-63fcc65 elementor-widget elementor-widget-image\" data-id=\"63fcc65\" data-element_type=\"widget\" data-e-type=\"widget\" data-widget_type=\"image.default\">\n\t\t\t\t<div class=\"elementor-widget-container\">\n\t\t\t\t\t\t\t\t\t\t\t\t\t\t\t<img decoding=\"async\" width=\"500\" height=\"500\" src=\"https:\/\/gridx.rs\/wp-content\/uploads\/2024\/12\/dji-dock-2-automation-and-efficiency-at-its-best-01.jpg\" class=\"elementor-animation-shrink attachment-full size-full wp-image-3787\" alt=\"\" srcset=\"https:\/\/gridx.rs\/wp-content\/uploads\/2024\/12\/dji-dock-2-automation-and-efficiency-at-its-best-01.jpg 500w, https:\/\/gridx.rs\/wp-content\/uploads\/2024\/12\/dji-dock-2-automation-and-efficiency-at-its-best-01-300x300.jpg 300w, https:\/\/gridx.rs\/wp-content\/uploads\/2024\/12\/dji-dock-2-automation-and-efficiency-at-its-best-01-150x150.jpg 150w, https:\/\/gridx.rs\/wp-content\/uploads\/2024\/12\/dji-dock-2-automation-and-efficiency-at-its-best-01-12x12.jpg 12w\" sizes=\"(max-width: 500px) 100vw, 500px\" \/>\t\t\t\t\t\t\t\t\t\t\t\t\t\t\t<\/div>\n\t\t\t\t<\/div>\n\t\t<div class=\"elementor-element elementor-element-0040fb0 e-con-full e-flex e-con e-child\" data-id=\"0040fb0\" data-element_type=\"container\" data-e-type=\"container\">\n\t\t\t\t<div class=\"elementor-element elementor-element-02ac8ab elementor-widget elementor-widget-image\" data-id=\"02ac8ab\" data-element_type=\"widget\" data-e-type=\"widget\" data-widget_type=\"image.default\">\n\t\t\t\t<div class=\"elementor-widget-container\">\n\t\t\t\t\t\t\t\t\t\t\t\t\t\t\t<img decoding=\"async\" width=\"500\" height=\"889\" src=\"https:\/\/gridx.rs\/wp-content\/uploads\/2024\/12\/dji-dock-2-automation-and-efficiency-at-its-best-02.jpg\" class=\"elementor-animation-shrink attachment-full size-full wp-image-3788\" alt=\"\" srcset=\"https:\/\/gridx.rs\/wp-content\/uploads\/2024\/12\/dji-dock-2-automation-and-efficiency-at-its-best-02.jpg 500w, https:\/\/gridx.rs\/wp-content\/uploads\/2024\/12\/dji-dock-2-automation-and-efficiency-at-its-best-02-169x300.jpg 169w, https:\/\/gridx.rs\/wp-content\/uploads\/2024\/12\/dji-dock-2-automation-and-efficiency-at-its-best-02-7x12.jpg 7w\" sizes=\"(max-width: 500px) 100vw, 500px\" \/>\t\t\t\t\t\t\t\t\t\t\t\t\t\t\t<\/div>\n\t\t\t\t<\/div>\n\t\t\t\t<div class=\"elementor-element elementor-element-0d88eb8 elementor-widget elementor-widget-image\" data-id=\"0d88eb8\" data-element_type=\"widget\" data-e-type=\"widget\" data-widget_type=\"image.default\">\n\t\t\t\t<div class=\"elementor-widget-container\">\n\t\t\t\t\t\t\t\t\t\t\t\t\t\t\t<img loading=\"lazy\" decoding=\"async\" width=\"500\" height=\"889\" src=\"https:\/\/gridx.rs\/wp-content\/uploads\/2024\/12\/dji-dock-2-automation-and-efficiency-at-its-best-03.jpg\" class=\"elementor-animation-shrink attachment-full size-full wp-image-3789\" alt=\"\" srcset=\"https:\/\/gridx.rs\/wp-content\/uploads\/2024\/12\/dji-dock-2-automation-and-efficiency-at-its-best-03.jpg 500w, https:\/\/gridx.rs\/wp-content\/uploads\/2024\/12\/dji-dock-2-automation-and-efficiency-at-its-best-03-169x300.jpg 169w, https:\/\/gridx.rs\/wp-content\/uploads\/2024\/12\/dji-dock-2-automation-and-efficiency-at-its-best-03-7x12.jpg 7w\" sizes=\"(max-width: 500px) 100vw, 500px\" \/>\t\t\t\t\t\t\t\t\t\t\t\t\t\t\t<\/div>\n\t\t\t\t<\/div>\n\t\t\t\t<\/div>\n\t\t\t\t<\/div>\n\t\t<div class=\"elementor-element elementor-element-84ac148 e-con-full e-flex e-con e-child\" data-id=\"84ac148\" data-element_type=\"container\" data-e-type=\"container\">\n\t\t\t\t<div class=\"elementor-element elementor-element-5750943 elementor-widget elementor-widget-heading\" data-id=\"5750943\" data-element_type=\"widget\" data-e-type=\"widget\" data-widget_type=\"heading.default\">\n\t\t\t\t<div class=\"elementor-widget-container\">\n\t\t\t\t\t<h2 class=\"elementor-heading-title elementor-size-default\">Comprehensive Support for DJI Dock 2 \u2013 From Purchase to Implementation<\/h2>\t\t\t\t<\/div>\n\t\t\t\t<\/div>\n\t\t\t\t<div class=\"elementor-element elementor-element-fe61e1e elementor-widget elementor-widget-text-editor\" data-id=\"fe61e1e\" data-element_type=\"widget\" data-e-type=\"widget\" data-widget_type=\"text-editor.default\">\n\t\t\t\t<div class=\"elementor-widget-container\">\n\t\t\t\t\t\t\t\t\t<p>DJI Dock 2 offers advanced features that enable automated drone operations with minimal human involvement. Its weather resistance, precise sensors, and rapid charging make it the perfect solution for continuous and demanding missions. With this system, your operations become faster, safer, and more efficient.<\/p><p>As an authorized distributor of DJI products, we provide complete support for the implementation of the DJI Dock 2 system. Our expert team, including licensed professionals for installation and training, ensures that clients can seamlessly integrate this advanced system into their operations. <em><strong><span style=\"color: #ef804a;\">With us, you can get everything in one place \u2013 from purchasing to installation, commissioning, and training for both theoretical and practical use.<\/span><\/strong><\/em><\/p><p>Our training covers all aspects of system usage, from basic operation to advanced mission planning and maintenance options. Our experts ensure that every user is fully prepared to work with the DJI Dock 2, allowing you to maximize its capabilities. In this way, you not only receive cutting-edge technology but also the knowledge and support needed for successful implementation.<\/p><p>With our comprehensive service, you can focus on your operations while we take care of the technology. <strong>Grid<span style=\"color: #ef804a;\">X<\/span><\/strong> is your partner in implementing innovative solutions.<\/p><p><strong>Grid<span style=\"color: #ef804a;\">X <\/span><\/strong>has completed projects for the <strong><span style=\"color: #ef804a;\">Port of Belgrade JSC<\/span><\/strong>.<\/p>\t\t\t\t\t\t\t\t<\/div>\n\t\t\t\t<\/div>\n\t\t\t\t<div class=\"elementor-element elementor-element-69dd596 elementor-widget elementor-widget-button\" data-id=\"69dd596\" data-element_type=\"widget\" data-e-type=\"widget\" data-widget_type=\"button.default\">\n\t\t\t\t<div class=\"elementor-widget-container\">\n\t\t\t\t\t\t\t\t\t<div class=\"elementor-button-wrapper\">\n\t\t\t\t\t<a class=\"elementor-button elementor-button-link elementor-size-sm elementor-animation-grow\" href=\"mailto:office@gridx.rs\">\n\t\t\t\t\t\t<span class=\"elementor-button-content-wrapper\">\n\t\t\t\t\t\t\t\t\t<span class=\"elementor-button-text\">CONTACT US<\/span>\n\t\t\t\t\t<\/span>\n\t\t\t\t\t<\/a>\n\t\t\t\t<\/div>\n\t\t\t\t\t\t\t\t<\/div>\n\t\t\t\t<\/div>\n\t\t\t\t<\/div>\n\t\t\t\t\t<\/div>\n\t\t\t\t<\/div>\n\t\t\t\t<\/div>","protected":false},"excerpt":{"rendered":"<p>DJI Dock 2 \u2013 Automatizacija i efikasnost na najvi\u0161em nivou DJI Dock 2 je revolucionarno re\u0161enje za potpuno automatizovane operacije dronova, dizajnirano da unapredi efikasnost i smanji potrebu za ru\u010dnim nadzorom. Ovaj sistem predstavlja najnoviju generaciju DJI tehnologije, prilago\u0111enu misijama koje zahtevaju kontinuirano pra\u0107enje, inspekciju i nadzor na velikim udaljenostima. Dock 2 omogu\u0107ava automatsko poletanje, [&hellip;]<\/p>\n","protected":false},"author":1,"featured_media":0,"parent":0,"menu_order":0,"comment_status":"closed","ping_status":"closed","template":"elementor_header_footer","meta":{"footnotes":""},"class_list":["post-3781","page","type-page","status-publish","hentry"],"_links":{"self":[{"href":"https:\/\/gridx.rs\/en\/wp-json\/wp\/v2\/pages\/3781","targetHints":{"allow":["GET"]}}],"collection":[{"href":"https:\/\/gridx.rs\/en\/wp-json\/wp\/v2\/pages"}],"about":[{"href":"https:\/\/gridx.rs\/en\/wp-json\/wp\/v2\/types\/page"}],"author":[{"embeddable":true,"href":"https:\/\/gridx.rs\/en\/wp-json\/wp\/v2\/users\/1"}],"replies":[{"embeddable":true,"href":"https:\/\/gridx.rs\/en\/wp-json\/wp\/v2\/comments?post=3781"}],"version-history":[{"count":41,"href":"https:\/\/gridx.rs\/en\/wp-json\/wp\/v2\/pages\/3781\/revisions"}],"predecessor-version":[{"id":5408,"href":"https:\/\/gridx.rs\/en\/wp-json\/wp\/v2\/pages\/3781\/revisions\/5408"}],"wp:attachment":[{"href":"https:\/\/gridx.rs\/en\/wp-json\/wp\/v2\/media?parent=3781"}],"curies":[{"name":"wp","href":"https:\/\/api.w.org\/{rel}","templated":true}]}}