{"id":3499,"date":"2024-12-16T23:43:18","date_gmt":"2024-12-16T23:43:18","guid":{"rendered":"https:\/\/gridx.rs\/?page_id=3499"},"modified":"2025-01-11T12:10:30","modified_gmt":"2025-01-11T12:10:30","slug":"pracenje-cevovoda","status":"publish","type":"page","link":"https:\/\/gridx.rs\/en\/pracenje-cevovoda\/","title":{"rendered":"Pipeline Monitoring"},"content":{"rendered":"<style>.elementor-3499 .elementor-element.elementor-element-d8fd6e8{--display:flex;--flex-direction:row;--container-widget-width:calc( ( 1 - var( --container-widget-flex-grow ) ) * 100% );--container-widget-height:100%;--container-widget-flex-grow:1;--container-widget-align-self:stretch;--flex-wrap-mobile:wrap;--align-items:stretch;--gap:10px 10px;--row-gap:10px;--column-gap:10px;--margin-top:0px;--margin-bottom:0px;--margin-left:0px;--margin-right:0px;--padding-top:30px;--padding-bottom:30px;--padding-left:0px;--padding-right:0px;}.elementor-3499 .elementor-element.elementor-element-bd7ba4d{--display:flex;--justify-content:center;--align-items:center;--container-widget-width:calc( ( 1 - var( --container-widget-flex-grow ) ) * 100% );--margin-top:0px;--margin-bottom:0px;--margin-left:0px;--margin-right:0px;--padding-top:0px;--padding-bottom:0px;--padding-left:0px;--padding-right:0px;}.elementor-3499 .elementor-element.elementor-element-8dd7999 img{opacity:0.83;border-radius:30px 30px 30px 30px;}.elementor-3499 .elementor-element.elementor-element-8dd7999 > .elementor-widget-container{padding:0px 0px 0px 0px;}.elementor-3499 .elementor-element.elementor-element-43cb6d5 .elementor-heading-title{font-family:var( --e-global-typography-eddebef-font-family ), Sans-serif;font-size:var( --e-global-typography-eddebef-font-size );font-weight:var( --e-global-typography-eddebef-font-weight );text-transform:var( --e-global-typography-eddebef-text-transform );line-height:var( --e-global-typography-eddebef-line-height );letter-spacing:var( --e-global-typography-eddebef-letter-spacing );word-spacing:var( --e-global-typography-eddebef-word-spacing );color:var( --e-global-color-primary );}.elementor-3499 .elementor-element.elementor-element-43cb6d5 > .elementor-widget-container{padding:30px 0px 30px 0px;}.elementor-3499 .elementor-element.elementor-element-43cb6d5{width:100%;max-width:100%;}.elementor-3499 .elementor-element.elementor-element-43cb6d5.elementor-element{--align-self:flex-start;}.elementor-3499 .elementor-element.elementor-element-4059b9a > .elementor-widget-container{padding:0px 0px 0px 0px;}.elementor-3499 .elementor-element.elementor-element-a4b5da8{--display:flex;--flex-direction:row;--container-widget-width:calc( ( 1 - var( --container-widget-flex-grow ) ) * 100% );--container-widget-height:100%;--container-widget-flex-grow:1;--container-widget-align-self:stretch;--flex-wrap-mobile:wrap;--justify-content:center;--align-items:center;--gap:10px 10px;--row-gap:10px;--column-gap:10px;--margin-top:0px;--margin-bottom:0px;--margin-left:0px;--margin-right:0px;--padding-top:30px;--padding-bottom:30px;--padding-left:0px;--padding-right:0px;}.elementor-3499 .elementor-element.elementor-element-9c983c8{--display:flex;--margin-top:0px;--margin-bottom:0px;--margin-left:0px;--margin-right:0px;--padding-top:0px;--padding-bottom:0px;--padding-left:0px;--padding-right:0px;}.elementor-3499 .elementor-element.elementor-element-cfccc4d > .elementor-widget-container{padding:0px 0px 0px 0px;}.elementor-3499 .elementor-element.elementor-element-31aaa52{--display:flex;--margin-top:0px;--margin-bottom:0px;--margin-left:0px;--margin-right:0px;--padding-top:0px;--padding-bottom:0px;--padding-left:30px;--padding-right:30px;}.elementor-3499 .elementor-element.elementor-element-ef9d50f img{transition-duration:1s;border-radius:30px 30px 30px 30px;}.elementor-3499 .elementor-element.elementor-element-ef9d50f > .elementor-widget-container{padding:0px 15px 0px 15px;}.elementor-3499 .elementor-element.elementor-element-a98243e{--display:flex;--flex-direction:row;--container-widget-width:calc( ( 1 - var( --container-widget-flex-grow ) ) * 100% );--container-widget-height:100%;--container-widget-flex-grow:1;--container-widget-align-self:stretch;--flex-wrap-mobile:wrap;--justify-content:center;--align-items:center;--gap:10px 10px;--row-gap:10px;--column-gap:10px;--margin-top:0px;--margin-bottom:0px;--margin-left:0px;--margin-right:0px;--padding-top:30px;--padding-bottom:30px;--padding-left:0px;--padding-right:0px;}.elementor-3499 .elementor-element.elementor-element-59f5deb{--display:flex;--margin-top:0px;--margin-bottom:0px;--margin-left:0px;--margin-right:0px;--padding-top:0px;--padding-bottom:0px;--padding-left:30px;--padding-right:30px;}.elementor-3499 .elementor-element.elementor-element-63fcc65 img{transition-duration:1s;border-radius:30px 30px 30px 30px;}.elementor-3499 .elementor-element.elementor-element-63fcc65 > .elementor-widget-container{padding:0px 15px 0px 15px;}.elementor-3499 .elementor-element.elementor-element-c342994 .elementor-button{font-weight:700;fill:#EF804A;color:#EF804A;background-color:#232325;box-shadow:-4px -5px 3px 0px #2B2B2B;transition-duration:0.3s;border-style:solid;border-width:1px 1px 1px 1px;border-color:#232325E6;}.elementor-3499 .elementor-element.elementor-element-c342994 .elementor-button:hover, .elementor-3499 .elementor-element.elementor-element-c342994 .elementor-button:focus{color:#EF804A;background-color:#232325E6;border-color:#232325E6;}.elementor-3499 .elementor-element.elementor-element-c342994 .elementor-button:hover svg, .elementor-3499 .elementor-element.elementor-element-c342994 .elementor-button:focus svg{fill:#EF804A;}.elementor-3499 .elementor-element.elementor-element-84ac148{--display:flex;--margin-top:0px;--margin-bottom:0px;--margin-left:0px;--margin-right:0px;--padding-top:0px;--padding-bottom:0px;--padding-left:0px;--padding-right:0px;}.elementor-3499 .elementor-element.elementor-element-57f1c96 > .elementor-widget-container{padding:0px 0px 0px 0px;}@media(max-width:1024px) and (min-width:768px){.elementor-3499 .elementor-element.elementor-element-bd7ba4d{--width:100%;}.elementor-3499 .elementor-element.elementor-element-9c983c8{--width:100%;}.elementor-3499 .elementor-element.elementor-element-31aaa52{--width:100%;}.elementor-3499 .elementor-element.elementor-element-59f5deb{--width:100%;}.elementor-3499 .elementor-element.elementor-element-84ac148{--width:100%;}}@media(max-width:1024px){.elementor-3499 .elementor-element.elementor-element-d8fd6e8{--padding-top:30px;--padding-bottom:0px;--padding-left:30px;--padding-right:30px;}.elementor-3499 .elementor-element.elementor-element-bd7ba4d{--margin-top:0px;--margin-bottom:0px;--margin-left:0px;--margin-right:0px;--padding-top:0px;--padding-bottom:0px;--padding-left:0px;--padding-right:0px;}.elementor-3499 .elementor-element.elementor-element-43cb6d5 .elementor-heading-title{font-size:var( --e-global-typography-eddebef-font-size );line-height:var( --e-global-typography-eddebef-line-height );letter-spacing:var( --e-global-typography-eddebef-letter-spacing );word-spacing:var( --e-global-typography-eddebef-word-spacing );}.elementor-3499 .elementor-element.elementor-element-43cb6d5 > .elementor-widget-container{padding:10px 0px 10px 0px;}.elementor-3499 .elementor-element.elementor-element-4059b9a > .elementor-widget-container{margin:0px 0px 0px 0px;}.elementor-3499 .elementor-element.elementor-element-a4b5da8{--flex-direction:column;--container-widget-width:calc( ( 1 - var( --container-widget-flex-grow ) ) * 100% );--container-widget-height:initial;--container-widget-flex-grow:0;--container-widget-align-self:initial;--flex-wrap-mobile:wrap;--align-items:flex-start;--gap:20px 20px;--row-gap:20px;--column-gap:20px;--padding-top:0px;--padding-bottom:0px;--padding-left:30px;--padding-right:30px;}.elementor-3499 .elementor-element.elementor-element-9c983c8{--justify-content:center;--margin-top:0px;--margin-bottom:0px;--margin-left:0px;--margin-right:0px;--padding-top:0px;--padding-bottom:0px;--padding-left:0px;--padding-right:0px;}.elementor-3499 .elementor-element.elementor-element-cfccc4d{text-align:start;}.elementor-3499 .elementor-element.elementor-element-cfccc4d > .elementor-widget-container{padding:10px 0px 10px 0px;}.elementor-3499 .elementor-element.elementor-element-31aaa52{--justify-content:center;--margin-top:0px;--margin-bottom:0px;--margin-left:0px;--margin-right:0px;--padding-top:0px;--padding-bottom:0px;--padding-left:0px;--padding-right:0px;}.elementor-3499 .elementor-element.elementor-element-ef9d50f > .elementor-widget-container{padding:0px 0px 0px 0px;}.elementor-3499 .elementor-element.elementor-element-a98243e{--flex-direction:column;--container-widget-width:calc( ( 1 - var( --container-widget-flex-grow ) ) * 100% );--container-widget-height:initial;--container-widget-flex-grow:0;--container-widget-align-self:initial;--flex-wrap-mobile:wrap;--align-items:flex-start;--gap:20px 20px;--row-gap:20px;--column-gap:20px;--padding-top:30px;--padding-bottom:0px;--padding-left:30px;--padding-right:30px;}.elementor-3499 .elementor-element.elementor-element-59f5deb{--justify-content:center;--margin-top:0px;--margin-bottom:0px;--margin-left:0px;--margin-right:0px;--padding-top:0px;--padding-bottom:0px;--padding-left:0px;--padding-right:0px;}.elementor-3499 .elementor-element.elementor-element-63fcc65 > .elementor-widget-container{padding:0px 0px 0px 0px;}.elementor-3499 .elementor-element.elementor-element-84ac148{--justify-content:center;--margin-top:0px;--margin-bottom:0px;--margin-left:0px;--margin-right:0px;--padding-top:0px;--padding-bottom:0px;--padding-left:0px;--padding-right:0px;}.elementor-3499 .elementor-element.elementor-element-84ac148.e-con{--order:-99999 \/* order start hack *\/;}.elementor-3499 .elementor-element.elementor-element-57f1c96{text-align:start;}.elementor-3499 .elementor-element.elementor-element-57f1c96 > .elementor-widget-container{padding:10px 0px 10px 0px;}}@media(max-width:767px){.elementor-3499 .elementor-element.elementor-element-d8fd6e8{--padding-top:30px;--padding-bottom:0px;--padding-left:30px;--padding-right:30px;}.elementor-3499 .elementor-element.elementor-element-bd7ba4d{--padding-top:0px;--padding-bottom:0px;--padding-left:0px;--padding-right:0px;}.elementor-3499 .elementor-element.elementor-element-8dd7999 img{height:375px;object-fit:cover;object-position:center center;}.elementor-3499 .elementor-element.elementor-element-43cb6d5 .elementor-heading-title{font-size:var( --e-global-typography-eddebef-font-size );line-height:var( --e-global-typography-eddebef-line-height );letter-spacing:var( --e-global-typography-eddebef-letter-spacing );word-spacing:var( --e-global-typography-eddebef-word-spacing );}.elementor-3499 .elementor-element.elementor-element-a4b5da8{--padding-top:0px;--padding-bottom:0px;--padding-left:30px;--padding-right:30px;}.elementor-3499 .elementor-element.elementor-element-9c983c8{--padding-top:0px;--padding-bottom:0px;--padding-left:0px;--padding-right:0px;}.elementor-3499 .elementor-element.elementor-element-cfccc4d > .elementor-widget-container{padding:10px 0px 10px 0px;}.elementor-3499 .elementor-element.elementor-element-31aaa52{--padding-top:0px;--padding-bottom:0px;--padding-left:0px;--padding-right:0px;}.elementor-3499 .elementor-element.elementor-element-ef9d50f > .elementor-widget-container{padding:0px 0px 0px 0px;}.elementor-3499 .elementor-element.elementor-element-a98243e{--padding-top:30px;--padding-bottom:0px;--padding-left:30px;--padding-right:30px;}.elementor-3499 .elementor-element.elementor-element-59f5deb{--padding-top:0px;--padding-bottom:0px;--padding-left:0px;--padding-right:0px;}.elementor-3499 .elementor-element.elementor-element-63fcc65 > .elementor-widget-container{padding:0px 0px 0px 0px;}.elementor-3499 .elementor-element.elementor-element-84ac148{--padding-top:0px;--padding-bottom:0px;--padding-left:0px;--padding-right:0px;}.elementor-3499 .elementor-element.elementor-element-57f1c96 > .elementor-widget-container{padding:10px 0px 10px 0px;}}<\/style>\t\t<div data-elementor-type=\"wp-page\" data-elementor-id=\"3499\" class=\"elementor elementor-3499\" data-elementor-post-type=\"page\">\n\t\t\t\t<div class=\"elementor-element elementor-element-d8fd6e8 e-flex e-con-boxed e-con e-parent\" data-id=\"d8fd6e8\" data-element_type=\"container\" data-e-type=\"container\">\n\t\t\t\t\t<div class=\"e-con-inner\">\n\t\t<div class=\"elementor-element elementor-element-bd7ba4d e-con-full e-flex e-con e-child\" data-id=\"bd7ba4d\" data-element_type=\"container\" data-e-type=\"container\">\n\t\t\t\t<div class=\"elementor-element elementor-element-8dd7999 elementor-widget elementor-widget-image\" data-id=\"8dd7999\" data-element_type=\"widget\" data-e-type=\"widget\" data-widget_type=\"image.default\">\n\t\t\t\t<div class=\"elementor-widget-container\">\n\t\t\t\t\t\t\t\t\t\t\t\t\t\t\t<img fetchpriority=\"high\" decoding=\"async\" width=\"1200\" height=\"375\" src=\"https:\/\/gridx.rs\/wp-content\/uploads\/2024\/12\/pipeline-monitoring-safety-and-efficiency-through-advanced-technologies-cover.jpg\" class=\"attachment-full size-full wp-image-3506\" alt=\"\" srcset=\"https:\/\/gridx.rs\/wp-content\/uploads\/2024\/12\/pipeline-monitoring-safety-and-efficiency-through-advanced-technologies-cover.jpg 1200w, https:\/\/gridx.rs\/wp-content\/uploads\/2024\/12\/pipeline-monitoring-safety-and-efficiency-through-advanced-technologies-cover-300x94.jpg 300w, https:\/\/gridx.rs\/wp-content\/uploads\/2024\/12\/pipeline-monitoring-safety-and-efficiency-through-advanced-technologies-cover-1024x320.jpg 1024w, https:\/\/gridx.rs\/wp-content\/uploads\/2024\/12\/pipeline-monitoring-safety-and-efficiency-through-advanced-technologies-cover-768x240.jpg 768w, https:\/\/gridx.rs\/wp-content\/uploads\/2024\/12\/pipeline-monitoring-safety-and-efficiency-through-advanced-technologies-cover-18x6.jpg 18w\" sizes=\"(max-width: 1200px) 100vw, 1200px\" \/>\t\t\t\t\t\t\t\t\t\t\t\t\t\t\t<\/div>\n\t\t\t\t<\/div>\n\t\t\t\t<div class=\"elementor-element elementor-element-43cb6d5 elementor-widget__width-inherit elementor-widget elementor-widget-heading\" data-id=\"43cb6d5\" data-element_type=\"widget\" data-e-type=\"widget\" data-widget_type=\"heading.default\">\n\t\t\t\t<div class=\"elementor-widget-container\">\n\t\t\t\t\t<h2 class=\"elementor-heading-title elementor-size-default\">Pipeline Monitoring \u2013 Safety and Efficiency through Advanced Technologies<\/h2>\t\t\t\t<\/div>\n\t\t\t\t<\/div>\n\t\t\t\t<div class=\"elementor-element elementor-element-4059b9a elementor-widget elementor-widget-text-editor\" data-id=\"4059b9a\" data-element_type=\"widget\" data-e-type=\"widget\" data-widget_type=\"text-editor.default\">\n\t\t\t\t<div class=\"elementor-widget-container\">\n\t\t\t\t\t\t\t\t\t<p>The implementation of advanced pipeline monitoring systems brings numerous advantages, including enhanced safety, reduced maintenance costs, and more efficient resource utilization. Using technologies such as Vibrating Wire data loggers, inclinometers, and flow sensors, companies can obtain precise and timely information about the condition of their infrastructure. This approach not only prevents major problems but also improves operational efficiency, ensuring uninterrupted pipeline performance. <strong>Grid<span style=\"color: #ef804a;\">X<\/span><\/strong> provides comprehensive pipeline monitoring solutions, enabling users to manage their infrastructure with confidence and efficiency, tailoring technologies to the specific needs of each project.<\/p>\t\t\t\t\t\t\t\t<\/div>\n\t\t\t\t<\/div>\n\t\t\t\t<\/div>\n\t\t\t\t\t<\/div>\n\t\t\t\t<\/div>\n\t\t<div class=\"elementor-element elementor-element-a4b5da8 e-flex e-con-boxed e-con e-parent\" data-id=\"a4b5da8\" data-element_type=\"container\" data-e-type=\"container\">\n\t\t\t\t\t<div class=\"e-con-inner\">\n\t\t<div class=\"elementor-element elementor-element-9c983c8 e-con-full e-flex e-con e-child\" data-id=\"9c983c8\" data-element_type=\"container\" data-e-type=\"container\">\n\t\t\t\t<div class=\"elementor-element elementor-element-cfccc4d elementor-widget elementor-widget-text-editor\" data-id=\"cfccc4d\" data-element_type=\"widget\" data-e-type=\"widget\" data-widget_type=\"text-editor.default\">\n\t\t\t\t<div class=\"elementor-widget-container\">\n\t\t\t\t\t\t\t\t\t<p class=\"translation-block\"><strong><span style=\"color: #ef804a\">1. Remote control and monitoring<\/span><\/strong> of the network and all installed devices on-site or via the cloud, using the Connectivity Management Tool (CMT). Integration of data analytics into CMT enables the generation of comprehensive monitoring reports.<\/p><p><strong><span style=\"color: #ef804a;\">2. Real-time tilt displacement detection<\/span><\/strong> (less than 2 seconds in most cases) using Tilt90-x wireless inclinometers for the Event Detection Solution<\/p><p><strong><span style=\"color: #ef804a;\">3. Analysis of lateral diaphragm wall deformation and soil movement<\/span><\/strong> using a digital logger connected to a chain inclinometer or ShapeArray in a borehole or excavation.<\/p><p><strong><span style=\"color: #ef804a;\">4. Pipeline flow monitoring<\/span><\/strong> using a flow meter connected to a Piconode.<\/p><p><strong><span style=\"color: #ef804a;\">5. Stress and strain monitoring along the pipeline<\/span><\/strong> using a Vibrating Wire 5-channel data logger connected to a strain gauge.<\/p><p><strong><span style=\"color: #ef804a;\">6. Soil tension assessment<\/span><\/strong> using a granular matrix sensor connected to a Piconode.<\/p>\t\t\t\t\t\t\t\t<\/div>\n\t\t\t\t<\/div>\n\t\t\t\t<\/div>\n\t\t<div class=\"elementor-element elementor-element-31aaa52 e-con-full e-flex e-con e-child\" data-id=\"31aaa52\" data-element_type=\"container\" data-e-type=\"container\">\n\t\t\t\t<div class=\"elementor-element elementor-element-ef9d50f elementor-widget elementor-widget-image\" data-id=\"ef9d50f\" data-element_type=\"widget\" data-e-type=\"widget\" data-widget_type=\"image.default\">\n\t\t\t\t<div class=\"elementor-widget-container\">\n\t\t\t\t\t\t\t\t\t\t\t\t\t\t\t<img decoding=\"async\" width=\"500\" height=\"500\" src=\"https:\/\/gridx.rs\/wp-content\/uploads\/2024\/12\/pipeline-monitoring-safety-and-efficiency-through-advanced-technologies-01.png\" class=\"elementor-animation-shrink attachment-full size-full wp-image-3507\" alt=\"\" srcset=\"https:\/\/gridx.rs\/wp-content\/uploads\/2024\/12\/pipeline-monitoring-safety-and-efficiency-through-advanced-technologies-01.png 500w, https:\/\/gridx.rs\/wp-content\/uploads\/2024\/12\/pipeline-monitoring-safety-and-efficiency-through-advanced-technologies-01-300x300.png 300w, https:\/\/gridx.rs\/wp-content\/uploads\/2024\/12\/pipeline-monitoring-safety-and-efficiency-through-advanced-technologies-01-150x150.png 150w, https:\/\/gridx.rs\/wp-content\/uploads\/2024\/12\/pipeline-monitoring-safety-and-efficiency-through-advanced-technologies-01-12x12.png 12w\" sizes=\"(max-width: 500px) 100vw, 500px\" \/>\t\t\t\t\t\t\t\t\t\t\t\t\t\t\t<\/div>\n\t\t\t\t<\/div>\n\t\t\t\t<\/div>\n\t\t\t\t\t<\/div>\n\t\t\t\t<\/div>\n\t\t<div class=\"elementor-element elementor-element-a98243e e-flex e-con-boxed e-con e-parent\" data-id=\"a98243e\" data-element_type=\"container\" data-e-type=\"container\">\n\t\t\t\t\t<div class=\"e-con-inner\">\n\t\t<div class=\"elementor-element elementor-element-59f5deb e-con-full e-flex e-con e-child\" data-id=\"59f5deb\" data-element_type=\"container\" data-e-type=\"container\">\n\t\t\t\t<div class=\"elementor-element elementor-element-63fcc65 elementor-widget elementor-widget-image\" data-id=\"63fcc65\" data-element_type=\"widget\" data-e-type=\"widget\" data-widget_type=\"image.default\">\n\t\t\t\t<div class=\"elementor-widget-container\">\n\t\t\t\t\t\t\t\t\t\t\t\t\t\t\t<img decoding=\"async\" width=\"500\" height=\"500\" src=\"https:\/\/gridx.rs\/wp-content\/uploads\/2024\/12\/pipeline-monitoring-safety-and-efficiency-through-advanced-technologies-02.jpg\" class=\"elementor-animation-shrink attachment-full size-full wp-image-3508\" alt=\"\" srcset=\"https:\/\/gridx.rs\/wp-content\/uploads\/2024\/12\/pipeline-monitoring-safety-and-efficiency-through-advanced-technologies-02.jpg 500w, https:\/\/gridx.rs\/wp-content\/uploads\/2024\/12\/pipeline-monitoring-safety-and-efficiency-through-advanced-technologies-02-300x300.jpg 300w, https:\/\/gridx.rs\/wp-content\/uploads\/2024\/12\/pipeline-monitoring-safety-and-efficiency-through-advanced-technologies-02-150x150.jpg 150w, https:\/\/gridx.rs\/wp-content\/uploads\/2024\/12\/pipeline-monitoring-safety-and-efficiency-through-advanced-technologies-02-12x12.jpg 12w\" sizes=\"(max-width: 500px) 100vw, 500px\" \/>\t\t\t\t\t\t\t\t\t\t\t\t\t\t\t<\/div>\n\t\t\t\t<\/div>\n\t\t\t\t<div class=\"elementor-element elementor-element-c342994 elementor-tablet-align-center elementor-align-center elementor-widget elementor-widget-button\" data-id=\"c342994\" data-element_type=\"widget\" data-e-type=\"widget\" data-widget_type=\"button.default\">\n\t\t\t\t<div class=\"elementor-widget-container\">\n\t\t\t\t\t\t\t\t\t<div class=\"elementor-button-wrapper\">\n\t\t\t\t\t<a class=\"elementor-button elementor-button-link elementor-size-sm elementor-animation-grow\" href=\"https:\/\/www.worldsensing.com\/\" target=\"_blank\" rel=\"noopener\">\n\t\t\t\t\t\t<span class=\"elementor-button-content-wrapper\">\n\t\t\t\t\t\t\t\t\t<span class=\"elementor-button-text\">www.worldsensing.com<\/span>\n\t\t\t\t\t<\/span>\n\t\t\t\t\t<\/a>\n\t\t\t\t<\/div>\n\t\t\t\t\t\t\t\t<\/div>\n\t\t\t\t<\/div>\n\t\t\t\t<\/div>\n\t\t<div class=\"elementor-element elementor-element-84ac148 e-con-full e-flex e-con e-child\" data-id=\"84ac148\" data-element_type=\"container\" data-e-type=\"container\">\n\t\t\t\t<div class=\"elementor-element elementor-element-57f1c96 elementor-widget elementor-widget-text-editor\" data-id=\"57f1c96\" data-element_type=\"widget\" data-e-type=\"widget\" data-widget_type=\"text-editor.default\">\n\t\t\t\t<div class=\"elementor-widget-container\">\n\t\t\t\t\t\t\t\t\t<p><strong><span style=\"color: #ef804a;\">7. Measurement of ground uplift and subsidence<\/span><\/strong> using a long SAA placed above the pipeline, connected to ThreadX3.<\/p><p class=\"translation-block\"><strong><span style=\"color: #ef804a\">8. Monitoring pipeline flow rates<\/span><\/strong> using a flow meter connected to a Piconode.<\/p><p>The implementation of advanced pipeline monitoring systems offers numerous benefits, including enhanced safety, reduced maintenance costs, and more efficient resource utilization. By leveraging technologies such as Vibrating Wire data loggers, inclinometers, and flow sensors, companies can access precise and timely information about the condition of their infrastructure.This approach not only prevents major issues but also improves operational efficiency, ensuring seamless pipeline performance.<\/p><p><strong>Grid<span style=\"color: #ef804a;\">X <\/span><\/strong>delivers comprehensive pipeline monitoring solutions, enabling users to manage their infrastructure with confidence and efficiency, adapting technologies to meet the specific needs of each project.<\/p>\t\t\t\t\t\t\t\t<\/div>\n\t\t\t\t<\/div>\n\t\t\t\t<\/div>\n\t\t\t\t\t<\/div>\n\t\t\t\t<\/div>\n\t\t\t\t<\/div>","protected":false},"excerpt":{"rendered":"<p>Monitoring cevovoda \u2013 Bezbednost i efikasnost kroz napredne tehnologije Implementacija naprednih sistema za pra\u0107enje cevovoda donosi brojne prednosti, uklju\u010duju\u0107i pobolj\u0161anu bezbednost, smanjenje tro\u0161kova odr\u017eavanja i efikasnije kori\u0161\u0107enje resursa. Kori\u0161\u0107enjem tehnologija kao \u0161to su Vibrating Wire zapisiva\u010di podataka, inklinometri i senzori protoka, kompanije mogu dobiti precizne i pravovremene informacije o stanju svoje infrastrukture. Ovaj pristup ne [&hellip;]<\/p>\n","protected":false},"author":1,"featured_media":0,"parent":0,"menu_order":0,"comment_status":"closed","ping_status":"closed","template":"elementor_header_footer","meta":{"footnotes":""},"class_list":["post-3499","page","type-page","status-publish","hentry"],"_links":{"self":[{"href":"https:\/\/gridx.rs\/en\/wp-json\/wp\/v2\/pages\/3499","targetHints":{"allow":["GET"]}}],"collection":[{"href":"https:\/\/gridx.rs\/en\/wp-json\/wp\/v2\/pages"}],"about":[{"href":"https:\/\/gridx.rs\/en\/wp-json\/wp\/v2\/types\/page"}],"author":[{"embeddable":true,"href":"https:\/\/gridx.rs\/en\/wp-json\/wp\/v2\/users\/1"}],"replies":[{"embeddable":true,"href":"https:\/\/gridx.rs\/en\/wp-json\/wp\/v2\/comments?post=3499"}],"version-history":[{"count":32,"href":"https:\/\/gridx.rs\/en\/wp-json\/wp\/v2\/pages\/3499\/revisions"}],"predecessor-version":[{"id":5392,"href":"https:\/\/gridx.rs\/en\/wp-json\/wp\/v2\/pages\/3499\/revisions\/5392"}],"wp:attachment":[{"href":"https:\/\/gridx.rs\/en\/wp-json\/wp\/v2\/media?parent=3499"}],"curies":[{"name":"wp","href":"https:\/\/api.w.org\/{rel}","templated":true}]}}