{"id":3372,"date":"2024-12-16T22:27:33","date_gmt":"2024-12-16T22:27:33","guid":{"rendered":"https:\/\/gridx.rs\/?page_id=3372"},"modified":"2025-01-11T12:22:05","modified_gmt":"2025-01-11T12:22:05","slug":"pracenje-konstrukcija","status":"publish","type":"page","link":"https:\/\/gridx.rs\/en\/pracenje-konstrukcija\/","title":{"rendered":"Construction Monitoring"},"content":{"rendered":"<style>.elementor-3372 .elementor-element.elementor-element-d8fd6e8{--display:flex;--flex-direction:row;--container-widget-width:calc( ( 1 - var( --container-widget-flex-grow ) ) * 100% );--container-widget-height:100%;--container-widget-flex-grow:1;--container-widget-align-self:stretch;--flex-wrap-mobile:wrap;--align-items:stretch;--gap:10px 10px;--row-gap:10px;--column-gap:10px;--margin-top:0px;--margin-bottom:0px;--margin-left:0px;--margin-right:0px;--padding-top:30px;--padding-bottom:30px;--padding-left:0px;--padding-right:0px;}.elementor-3372 .elementor-element.elementor-element-bd7ba4d{--display:flex;--justify-content:center;--align-items:center;--container-widget-width:calc( ( 1 - var( --container-widget-flex-grow ) ) * 100% );--margin-top:0px;--margin-bottom:0px;--margin-left:0px;--margin-right:0px;--padding-top:0px;--padding-bottom:0px;--padding-left:0px;--padding-right:0px;}.elementor-3372 .elementor-element.elementor-element-8dd7999 img{opacity:0.83;border-radius:30px 30px 30px 30px;}.elementor-3372 .elementor-element.elementor-element-8dd7999 > .elementor-widget-container{padding:0px 0px 0px 0px;}.elementor-3372 .elementor-element.elementor-element-43cb6d5 .elementor-heading-title{font-family:var( --e-global-typography-eddebef-font-family ), Sans-serif;font-size:var( --e-global-typography-eddebef-font-size );font-weight:var( --e-global-typography-eddebef-font-weight );text-transform:var( --e-global-typography-eddebef-text-transform );line-height:var( --e-global-typography-eddebef-line-height );letter-spacing:var( --e-global-typography-eddebef-letter-spacing );word-spacing:var( --e-global-typography-eddebef-word-spacing );color:var( --e-global-color-primary );}.elementor-3372 .elementor-element.elementor-element-43cb6d5 > .elementor-widget-container{padding:30px 0px 30px 0px;}.elementor-3372 .elementor-element.elementor-element-43cb6d5{width:100%;max-width:100%;}.elementor-3372 .elementor-element.elementor-element-43cb6d5.elementor-element{--align-self:flex-start;}.elementor-3372 .elementor-element.elementor-element-4059b9a > .elementor-widget-container{padding:0px 0px 0px 0px;}.elementor-3372 .elementor-element.elementor-element-a4b5da8{--display:flex;--flex-direction:row;--container-widget-width:calc( ( 1 - var( --container-widget-flex-grow ) ) * 100% );--container-widget-height:100%;--container-widget-flex-grow:1;--container-widget-align-self:stretch;--flex-wrap-mobile:wrap;--justify-content:center;--align-items:center;--gap:10px 10px;--row-gap:10px;--column-gap:10px;--margin-top:0px;--margin-bottom:0px;--margin-left:0px;--margin-right:0px;--padding-top:30px;--padding-bottom:30px;--padding-left:0px;--padding-right:0px;}.elementor-3372 .elementor-element.elementor-element-9c983c8{--display:flex;--margin-top:0px;--margin-bottom:0px;--margin-left:0px;--margin-right:0px;--padding-top:0px;--padding-bottom:0px;--padding-left:0px;--padding-right:0px;}.elementor-3372 .elementor-element.elementor-element-cfccc4d > .elementor-widget-container{padding:0px 0px 0px 0px;}.elementor-3372 .elementor-element.elementor-element-31aaa52{--display:flex;--margin-top:0px;--margin-bottom:0px;--margin-left:0px;--margin-right:0px;--padding-top:0px;--padding-bottom:0px;--padding-left:30px;--padding-right:30px;}.elementor-3372 .elementor-element.elementor-element-ef9d50f img{transition-duration:1s;border-radius:30px 30px 30px 30px;}.elementor-3372 .elementor-element.elementor-element-ef9d50f > .elementor-widget-container{padding:0px 15px 0px 15px;}.elementor-3372 .elementor-element.elementor-element-a98243e{--display:flex;--flex-direction:row;--container-widget-width:calc( ( 1 - var( --container-widget-flex-grow ) ) * 100% );--container-widget-height:100%;--container-widget-flex-grow:1;--container-widget-align-self:stretch;--flex-wrap-mobile:wrap;--justify-content:center;--align-items:center;--gap:10px 10px;--row-gap:10px;--column-gap:10px;--margin-top:0px;--margin-bottom:0px;--margin-left:0px;--margin-right:0px;--padding-top:30px;--padding-bottom:30px;--padding-left:0px;--padding-right:0px;}.elementor-3372 .elementor-element.elementor-element-59f5deb{--display:flex;--margin-top:0px;--margin-bottom:0px;--margin-left:0px;--margin-right:0px;--padding-top:0px;--padding-bottom:0px;--padding-left:30px;--padding-right:30px;}.elementor-3372 .elementor-element.elementor-element-63fcc65 img{transition-duration:1s;border-radius:30px 30px 30px 30px;}.elementor-3372 .elementor-element.elementor-element-63fcc65 > .elementor-widget-container{padding:0px 15px 0px 15px;}.elementor-3372 .elementor-element.elementor-element-c342994 .elementor-button{font-weight:700;fill:#EF804A;color:#EF804A;background-color:#232325;box-shadow:-4px -5px 3px 0px #2B2B2B;transition-duration:0.3s;border-style:solid;border-width:1px 1px 1px 1px;border-color:#232325E6;}.elementor-3372 .elementor-element.elementor-element-c342994 .elementor-button:hover, .elementor-3372 .elementor-element.elementor-element-c342994 .elementor-button:focus{color:#EF804A;background-color:#232325E6;border-color:#232325E6;}.elementor-3372 .elementor-element.elementor-element-c342994 .elementor-button:hover svg, .elementor-3372 .elementor-element.elementor-element-c342994 .elementor-button:focus svg{fill:#EF804A;}.elementor-3372 .elementor-element.elementor-element-84ac148{--display:flex;--margin-top:0px;--margin-bottom:0px;--margin-left:0px;--margin-right:0px;--padding-top:0px;--padding-bottom:0px;--padding-left:0px;--padding-right:0px;}.elementor-3372 .elementor-element.elementor-element-57f1c96 > .elementor-widget-container{padding:0px 0px 0px 0px;}@media(max-width:1024px) and (min-width:768px){.elementor-3372 .elementor-element.elementor-element-bd7ba4d{--width:100%;}.elementor-3372 .elementor-element.elementor-element-9c983c8{--width:100%;}.elementor-3372 .elementor-element.elementor-element-31aaa52{--width:100%;}.elementor-3372 .elementor-element.elementor-element-59f5deb{--width:100%;}.elementor-3372 .elementor-element.elementor-element-84ac148{--width:100%;}}@media(max-width:1024px){.elementor-3372 .elementor-element.elementor-element-d8fd6e8{--padding-top:30px;--padding-bottom:0px;--padding-left:30px;--padding-right:30px;}.elementor-3372 .elementor-element.elementor-element-bd7ba4d{--margin-top:0px;--margin-bottom:0px;--margin-left:0px;--margin-right:0px;--padding-top:0px;--padding-bottom:0px;--padding-left:0px;--padding-right:0px;}.elementor-3372 .elementor-element.elementor-element-43cb6d5 .elementor-heading-title{font-size:var( --e-global-typography-eddebef-font-size );line-height:var( --e-global-typography-eddebef-line-height );letter-spacing:var( --e-global-typography-eddebef-letter-spacing );word-spacing:var( --e-global-typography-eddebef-word-spacing );}.elementor-3372 .elementor-element.elementor-element-43cb6d5 > .elementor-widget-container{padding:10px 0px 10px 0px;}.elementor-3372 .elementor-element.elementor-element-4059b9a > .elementor-widget-container{margin:0px 0px 0px 0px;}.elementor-3372 .elementor-element.elementor-element-a4b5da8{--flex-direction:column;--container-widget-width:calc( ( 1 - var( --container-widget-flex-grow ) ) * 100% );--container-widget-height:initial;--container-widget-flex-grow:0;--container-widget-align-self:initial;--flex-wrap-mobile:wrap;--align-items:flex-start;--gap:20px 20px;--row-gap:20px;--column-gap:20px;--padding-top:0px;--padding-bottom:0px;--padding-left:30px;--padding-right:30px;}.elementor-3372 .elementor-element.elementor-element-9c983c8{--justify-content:center;--margin-top:0px;--margin-bottom:0px;--margin-left:0px;--margin-right:0px;--padding-top:0px;--padding-bottom:0px;--padding-left:0px;--padding-right:0px;}.elementor-3372 .elementor-element.elementor-element-cfccc4d{text-align:start;}.elementor-3372 .elementor-element.elementor-element-cfccc4d > .elementor-widget-container{padding:10px 0px 10px 0px;}.elementor-3372 .elementor-element.elementor-element-31aaa52{--justify-content:center;--margin-top:0px;--margin-bottom:0px;--margin-left:0px;--margin-right:0px;--padding-top:0px;--padding-bottom:0px;--padding-left:0px;--padding-right:0px;}.elementor-3372 .elementor-element.elementor-element-ef9d50f > .elementor-widget-container{padding:0px 0px 0px 0px;}.elementor-3372 .elementor-element.elementor-element-a98243e{--flex-direction:column;--container-widget-width:calc( ( 1 - var( --container-widget-flex-grow ) ) * 100% );--container-widget-height:initial;--container-widget-flex-grow:0;--container-widget-align-self:initial;--flex-wrap-mobile:wrap;--align-items:flex-start;--gap:20px 20px;--row-gap:20px;--column-gap:20px;--padding-top:30px;--padding-bottom:0px;--padding-left:30px;--padding-right:30px;}.elementor-3372 .elementor-element.elementor-element-59f5deb{--justify-content:center;--margin-top:0px;--margin-bottom:0px;--margin-left:0px;--margin-right:0px;--padding-top:0px;--padding-bottom:0px;--padding-left:0px;--padding-right:0px;}.elementor-3372 .elementor-element.elementor-element-63fcc65 > .elementor-widget-container{padding:0px 0px 0px 0px;}.elementor-3372 .elementor-element.elementor-element-84ac148{--justify-content:center;--margin-top:0px;--margin-bottom:0px;--margin-left:0px;--margin-right:0px;--padding-top:0px;--padding-bottom:0px;--padding-left:0px;--padding-right:0px;}.elementor-3372 .elementor-element.elementor-element-84ac148.e-con{--order:-99999 \/* order start hack *\/;}.elementor-3372 .elementor-element.elementor-element-57f1c96{text-align:start;}.elementor-3372 .elementor-element.elementor-element-57f1c96 > .elementor-widget-container{padding:10px 0px 10px 0px;}}@media(max-width:767px){.elementor-3372 .elementor-element.elementor-element-d8fd6e8{--padding-top:30px;--padding-bottom:0px;--padding-left:30px;--padding-right:30px;}.elementor-3372 .elementor-element.elementor-element-bd7ba4d{--padding-top:0px;--padding-bottom:0px;--padding-left:0px;--padding-right:0px;}.elementor-3372 .elementor-element.elementor-element-8dd7999 img{height:375px;object-fit:cover;object-position:center center;}.elementor-3372 .elementor-element.elementor-element-43cb6d5 .elementor-heading-title{font-size:var( --e-global-typography-eddebef-font-size );line-height:var( --e-global-typography-eddebef-line-height );letter-spacing:var( --e-global-typography-eddebef-letter-spacing );word-spacing:var( --e-global-typography-eddebef-word-spacing );}.elementor-3372 .elementor-element.elementor-element-a4b5da8{--padding-top:0px;--padding-bottom:0px;--padding-left:30px;--padding-right:30px;}.elementor-3372 .elementor-element.elementor-element-9c983c8{--padding-top:0px;--padding-bottom:0px;--padding-left:0px;--padding-right:0px;}.elementor-3372 .elementor-element.elementor-element-cfccc4d > .elementor-widget-container{padding:10px 0px 10px 0px;}.elementor-3372 .elementor-element.elementor-element-31aaa52{--padding-top:0px;--padding-bottom:0px;--padding-left:0px;--padding-right:0px;}.elementor-3372 .elementor-element.elementor-element-ef9d50f > .elementor-widget-container{padding:0px 0px 0px 0px;}.elementor-3372 .elementor-element.elementor-element-a98243e{--padding-top:30px;--padding-bottom:0px;--padding-left:30px;--padding-right:30px;}.elementor-3372 .elementor-element.elementor-element-59f5deb{--padding-top:0px;--padding-bottom:0px;--padding-left:0px;--padding-right:0px;}.elementor-3372 .elementor-element.elementor-element-63fcc65 > .elementor-widget-container{padding:0px 0px 0px 0px;}.elementor-3372 .elementor-element.elementor-element-84ac148{--padding-top:0px;--padding-bottom:0px;--padding-left:0px;--padding-right:0px;}.elementor-3372 .elementor-element.elementor-element-57f1c96 > .elementor-widget-container{padding:10px 0px 10px 0px;}}<\/style>\t\t<div data-elementor-type=\"wp-page\" data-elementor-id=\"3372\" class=\"elementor elementor-3372\" data-elementor-post-type=\"page\">\n\t\t\t\t<div class=\"elementor-element elementor-element-d8fd6e8 e-flex e-con-boxed e-con e-parent\" data-id=\"d8fd6e8\" data-element_type=\"container\" data-e-type=\"container\">\n\t\t\t\t\t<div class=\"e-con-inner\">\n\t\t<div class=\"elementor-element elementor-element-bd7ba4d e-con-full e-flex e-con e-child\" data-id=\"bd7ba4d\" data-element_type=\"container\" data-e-type=\"container\">\n\t\t\t\t<div class=\"elementor-element elementor-element-8dd7999 elementor-widget elementor-widget-image\" data-id=\"8dd7999\" data-element_type=\"widget\" data-e-type=\"widget\" data-widget_type=\"image.default\">\n\t\t\t\t<div class=\"elementor-widget-container\">\n\t\t\t\t\t\t\t\t\t\t\t\t\t\t\t<img fetchpriority=\"high\" decoding=\"async\" width=\"1200\" height=\"375\" src=\"https:\/\/gridx.rs\/wp-content\/uploads\/2024\/12\/iot-sensors-for-remote-monitoring-of-construction-works-and-built-structures-cover.jpg\" class=\"attachment-full size-full wp-image-3382\" alt=\"\" srcset=\"https:\/\/gridx.rs\/wp-content\/uploads\/2024\/12\/iot-sensors-for-remote-monitoring-of-construction-works-and-built-structures-cover.jpg 1200w, https:\/\/gridx.rs\/wp-content\/uploads\/2024\/12\/iot-sensors-for-remote-monitoring-of-construction-works-and-built-structures-cover-300x94.jpg 300w, https:\/\/gridx.rs\/wp-content\/uploads\/2024\/12\/iot-sensors-for-remote-monitoring-of-construction-works-and-built-structures-cover-1024x320.jpg 1024w, https:\/\/gridx.rs\/wp-content\/uploads\/2024\/12\/iot-sensors-for-remote-monitoring-of-construction-works-and-built-structures-cover-768x240.jpg 768w, https:\/\/gridx.rs\/wp-content\/uploads\/2024\/12\/iot-sensors-for-remote-monitoring-of-construction-works-and-built-structures-cover-18x6.jpg 18w\" sizes=\"(max-width: 1200px) 100vw, 1200px\" \/>\t\t\t\t\t\t\t\t\t\t\t\t\t\t\t<\/div>\n\t\t\t\t<\/div>\n\t\t\t\t<div class=\"elementor-element elementor-element-43cb6d5 elementor-widget__width-inherit elementor-widget elementor-widget-heading\" data-id=\"43cb6d5\" data-element_type=\"widget\" data-e-type=\"widget\" data-widget_type=\"heading.default\">\n\t\t\t\t<div class=\"elementor-widget-container\">\n\t\t\t\t\t<h2 class=\"elementor-heading-title elementor-size-default\">IoT Sensors for Remote Monitoring of Construction Works and Built Structures<\/h2>\t\t\t\t<\/div>\n\t\t\t\t<\/div>\n\t\t\t\t<div class=\"elementor-element elementor-element-4059b9a elementor-widget elementor-widget-text-editor\" data-id=\"4059b9a\" data-element_type=\"widget\" data-e-type=\"widget\" data-widget_type=\"text-editor.default\">\n\t\t\t\t<div class=\"elementor-widget-container\">\n\t\t\t\t\t\t\t\t\t<p>In the modern construction industry, monitoring key parameters has become essential for risk management and ensuring the longevity of structures. <strong>Grid<span style=\"color: #ef804a;\">X <\/span><\/strong>solutions utilize advanced <strong><span style=\"color: #ef804a;\">IoT technology <\/span><\/strong>for remote monitoring of all phases of construction and the condition of built structures. This technology enables continuous data collection and analysis, providing timely identification of potential issues, enhancing safety, and optimizing costs. By offering services as a solution, we allow clients to focus on the data while we handle the equipment and installation.<\/p>\t\t\t\t\t\t\t\t<\/div>\n\t\t\t\t<\/div>\n\t\t\t\t<\/div>\n\t\t\t\t\t<\/div>\n\t\t\t\t<\/div>\n\t\t<div class=\"elementor-element elementor-element-a4b5da8 e-flex e-con-boxed e-con e-parent\" data-id=\"a4b5da8\" data-element_type=\"container\" data-e-type=\"container\">\n\t\t\t\t\t<div class=\"e-con-inner\">\n\t\t<div class=\"elementor-element elementor-element-9c983c8 e-con-full e-flex e-con e-child\" data-id=\"9c983c8\" data-element_type=\"container\" data-e-type=\"container\">\n\t\t\t\t<div class=\"elementor-element elementor-element-cfccc4d elementor-widget elementor-widget-text-editor\" data-id=\"cfccc4d\" data-element_type=\"widget\" data-e-type=\"widget\" data-widget_type=\"text-editor.default\">\n\t\t\t\t<div class=\"elementor-widget-container\">\n\t\t\t\t\t\t\t\t\t<p><strong><span style=\"color: #ef804a;\">1. Remote management and monitoring<\/span><\/strong> of the network and all deployed devices, either on-site or via the cloud, using a gateway that transmits data to the Connection Management Tool (CMT). Integration of data analytics software into CMT enables comprehensive monitoring reports.<\/p><p><strong><span style=\"color: #ef804a;\">2. Assessment of groundwater level<\/span><\/strong> and water pressure using a Vibrating Wire single-channel data logger connected to a piezometer.<\/p><p><strong><span style=\"color: #ef804a;\">3. Measurement <\/span><\/strong>of soil displacement behind diaphragm walls and vertical deformations at various depths using a Vibrating Wire five-channel data logger connected to a multipoint extensometer or MPBX piezometer.<\/p><p><strong><span style=\"color: #ef804a;\">4. Supplementing geotechnical monitoring<\/span><\/strong> using a total station connected to ThreadX3 for precise motion tracking.<\/p><p><strong><span style=\"color: #ef804a;\">5. Measurement <\/span><\/strong>of tilt, building responses to tunneling, angular distortions, or horizontal displacements using the Tilt90, a 2-in-1 inclinometer and data logger, installed with a vertical mount.<\/p><p><strong><span style=\"color: #ef804a;\">6. Monitoring movements<\/span><\/strong> across surface cracks and joints related to tunneling using a Piconode or a Vibrating Wire single-channel data logger connected to a crack meter or displacement sensor.<\/p>\t\t\t\t\t\t\t\t<\/div>\n\t\t\t\t<\/div>\n\t\t\t\t<\/div>\n\t\t<div class=\"elementor-element elementor-element-31aaa52 e-con-full e-flex e-con e-child\" data-id=\"31aaa52\" data-element_type=\"container\" data-e-type=\"container\">\n\t\t\t\t<div class=\"elementor-element elementor-element-ef9d50f elementor-widget elementor-widget-image\" data-id=\"ef9d50f\" data-element_type=\"widget\" data-e-type=\"widget\" data-widget_type=\"image.default\">\n\t\t\t\t<div class=\"elementor-widget-container\">\n\t\t\t\t\t\t\t\t\t\t\t\t\t\t\t<img decoding=\"async\" width=\"500\" height=\"500\" src=\"https:\/\/gridx.rs\/wp-content\/uploads\/2024\/12\/iot-sensors-for-remote-monitoring-of-construction-works-and-built-structures-01.png\" class=\"elementor-animation-shrink attachment-full size-full wp-image-3395\" alt=\"\" srcset=\"https:\/\/gridx.rs\/wp-content\/uploads\/2024\/12\/iot-sensors-for-remote-monitoring-of-construction-works-and-built-structures-01.png 500w, https:\/\/gridx.rs\/wp-content\/uploads\/2024\/12\/iot-sensors-for-remote-monitoring-of-construction-works-and-built-structures-01-300x300.png 300w, https:\/\/gridx.rs\/wp-content\/uploads\/2024\/12\/iot-sensors-for-remote-monitoring-of-construction-works-and-built-structures-01-150x150.png 150w, https:\/\/gridx.rs\/wp-content\/uploads\/2024\/12\/iot-sensors-for-remote-monitoring-of-construction-works-and-built-structures-01-12x12.png 12w\" sizes=\"(max-width: 500px) 100vw, 500px\" \/>\t\t\t\t\t\t\t\t\t\t\t\t\t\t\t<\/div>\n\t\t\t\t<\/div>\n\t\t\t\t<\/div>\n\t\t\t\t\t<\/div>\n\t\t\t\t<\/div>\n\t\t<div class=\"elementor-element elementor-element-a98243e e-flex e-con-boxed e-con e-parent\" data-id=\"a98243e\" data-element_type=\"container\" data-e-type=\"container\">\n\t\t\t\t\t<div class=\"e-con-inner\">\n\t\t<div class=\"elementor-element elementor-element-59f5deb e-con-full e-flex e-con e-child\" data-id=\"59f5deb\" data-element_type=\"container\" data-e-type=\"container\">\n\t\t\t\t<div class=\"elementor-element elementor-element-63fcc65 elementor-widget elementor-widget-image\" data-id=\"63fcc65\" data-element_type=\"widget\" data-e-type=\"widget\" data-widget_type=\"image.default\">\n\t\t\t\t<div class=\"elementor-widget-container\">\n\t\t\t\t\t\t\t\t\t\t\t\t\t\t\t<img decoding=\"async\" width=\"500\" height=\"500\" src=\"https:\/\/gridx.rs\/wp-content\/uploads\/2024\/12\/iot-sensors-for-remote-monitoring-of-construction-works-and-built-structures-02.jpg\" class=\"elementor-animation-shrink attachment-full size-full wp-image-3390\" alt=\"\" srcset=\"https:\/\/gridx.rs\/wp-content\/uploads\/2024\/12\/iot-sensors-for-remote-monitoring-of-construction-works-and-built-structures-02.jpg 500w, https:\/\/gridx.rs\/wp-content\/uploads\/2024\/12\/iot-sensors-for-remote-monitoring-of-construction-works-and-built-structures-02-300x300.jpg 300w, https:\/\/gridx.rs\/wp-content\/uploads\/2024\/12\/iot-sensors-for-remote-monitoring-of-construction-works-and-built-structures-02-150x150.jpg 150w, https:\/\/gridx.rs\/wp-content\/uploads\/2024\/12\/iot-sensors-for-remote-monitoring-of-construction-works-and-built-structures-02-12x12.jpg 12w\" sizes=\"(max-width: 500px) 100vw, 500px\" \/>\t\t\t\t\t\t\t\t\t\t\t\t\t\t\t<\/div>\n\t\t\t\t<\/div>\n\t\t\t\t<div class=\"elementor-element elementor-element-c342994 elementor-tablet-align-center elementor-align-center elementor-widget elementor-widget-button\" data-id=\"c342994\" data-element_type=\"widget\" data-e-type=\"widget\" data-widget_type=\"button.default\">\n\t\t\t\t<div class=\"elementor-widget-container\">\n\t\t\t\t\t\t\t\t\t<div class=\"elementor-button-wrapper\">\n\t\t\t\t\t<a class=\"elementor-button elementor-button-link elementor-size-sm elementor-animation-grow\" href=\"https:\/\/www.worldsensing.com\/\" target=\"_blank\" rel=\"noopener\">\n\t\t\t\t\t\t<span class=\"elementor-button-content-wrapper\">\n\t\t\t\t\t\t\t\t\t<span class=\"elementor-button-text\">www.worldsensing.com<\/span>\n\t\t\t\t\t<\/span>\n\t\t\t\t\t<\/a>\n\t\t\t\t<\/div>\n\t\t\t\t\t\t\t\t<\/div>\n\t\t\t\t<\/div>\n\t\t\t\t<\/div>\n\t\t<div class=\"elementor-element elementor-element-84ac148 e-con-full e-flex e-con e-child\" data-id=\"84ac148\" data-element_type=\"container\" data-e-type=\"container\">\n\t\t\t\t<div class=\"elementor-element elementor-element-57f1c96 elementor-widget elementor-widget-text-editor\" data-id=\"57f1c96\" data-element_type=\"widget\" data-e-type=\"widget\" data-widget_type=\"text-editor.default\">\n\t\t\t\t<div class=\"elementor-widget-container\">\n\t\t\t\t\t\t\t\t\t<p><strong><span style=\"color: #ef804a;\">7. Monitoring <\/span><\/strong>settlement, uplift, and building response to tunneling using an analog four-channel data logger connected to liquid settlement cells or a Wireless Tiltmeter attached to a rigid beam and installed in a series.<\/p><p><strong><span style=\"color: #ef804a;\">8. Measuring forces<\/span><\/strong> in ground anchors using a Piconode connected to a load cell.<\/p><p><strong><span style=\"color: #ef804a;\">9. Monitoring stress and strain in structural beams<\/span><\/strong> using a Vibrating Wire five-channel data logger connected to a strain gauge.<\/p><p><strong><span style=\"color: #ef804a;\">10. Analysis <\/span><\/strong>of lateral deformation of diaphragm walls and soil movement using a digital data logger connected to an embedded inclinometer (IPI) in a chain or a ShapeArray device in a borehole or excavation.<\/p><p><strong><span style=\"color: #ef804a;\">11. Collecting convergence data<\/span><\/strong> using the LaserTilt90, a 3-in-1 laser distance meter, inclinometer, and data logger with a range of 90\u00b0.<\/p><p><strong><span style=\"color: #ef804a;\">12. Integration of automated remote visual observation<\/span><\/strong> into your monitoring programs using an on-site camera connected to ThreadX3. Monitoring air dust concentration using an environmental monitoring sensor connected to ThreadX3.<\/p>\t\t\t\t\t\t\t\t<\/div>\n\t\t\t\t<\/div>\n\t\t\t\t<\/div>\n\t\t\t\t\t<\/div>\n\t\t\t\t<\/div>\n\t\t\t\t<\/div>","protected":false},"excerpt":{"rendered":"<p>IoT senzori za daljinsko pra\u0107enje gra\u0111evinskih radova i izgra\u0111enih objekata U savremenoj gra\u0111evinskoj industriji, pra\u0107enje klju\u010dnih parametara postalo je neophodno za upravljanje rizicima i osiguranje dugove\u010dnosti objekata. GridX re\u0161enja koriste naprednu IoT tehnologiju za daljinsko pra\u0107enje svih faza izgradnje i stanja izgra\u0111enih struktura. Ova tehnologija omogu\u0107ava kontinuirano prikupljanje i analizu podataka, pru\u017eaju\u0107i pravovremenu identifikaciju potencijalnih [&hellip;]<\/p>\n","protected":false},"author":1,"featured_media":0,"parent":0,"menu_order":0,"comment_status":"closed","ping_status":"closed","template":"elementor_header_footer","meta":{"footnotes":""},"class_list":["post-3372","page","type-page","status-publish","hentry"],"_links":{"self":[{"href":"https:\/\/gridx.rs\/en\/wp-json\/wp\/v2\/pages\/3372","targetHints":{"allow":["GET"]}}],"collection":[{"href":"https:\/\/gridx.rs\/en\/wp-json\/wp\/v2\/pages"}],"about":[{"href":"https:\/\/gridx.rs\/en\/wp-json\/wp\/v2\/types\/page"}],"author":[{"embeddable":true,"href":"https:\/\/gridx.rs\/en\/wp-json\/wp\/v2\/users\/1"}],"replies":[{"embeddable":true,"href":"https:\/\/gridx.rs\/en\/wp-json\/wp\/v2\/comments?post=3372"}],"version-history":[{"count":98,"href":"https:\/\/gridx.rs\/en\/wp-json\/wp\/v2\/pages\/3372\/revisions"}],"predecessor-version":[{"id":5398,"href":"https:\/\/gridx.rs\/en\/wp-json\/wp\/v2\/pages\/3372\/revisions\/5398"}],"wp:attachment":[{"href":"https:\/\/gridx.rs\/en\/wp-json\/wp\/v2\/media?parent=3372"}],"curies":[{"name":"wp","href":"https:\/\/api.w.org\/{rel}","templated":true}]}}