{"id":2884,"date":"2024-12-16T07:51:04","date_gmt":"2024-12-16T07:51:04","guid":{"rendered":"https:\/\/gridx.rs\/?page_id=2884"},"modified":"2024-12-27T19:13:11","modified_gmt":"2024-12-27T19:13:11","slug":"obuka-i-edukacija","status":"publish","type":"page","link":"https:\/\/gridx.rs\/en\/obuka-i-edukacija\/","title":{"rendered":"Training and Education"},"content":{"rendered":"<style>.elementor-2884 .elementor-element.elementor-element-d8fd6e8{--display:flex;--flex-direction:row;--container-widget-width:calc( ( 1 - var( --container-widget-flex-grow ) ) * 100% );--container-widget-height:100%;--container-widget-flex-grow:1;--container-widget-align-self:stretch;--flex-wrap-mobile:wrap;--align-items:stretch;--gap:10px 10px;--row-gap:10px;--column-gap:10px;--margin-top:0px;--margin-bottom:0px;--margin-left:0px;--margin-right:0px;--padding-top:30px;--padding-bottom:30px;--padding-left:0px;--padding-right:0px;}.elementor-2884 .elementor-element.elementor-element-bd7ba4d{--display:flex;--justify-content:center;--align-items:center;--container-widget-width:calc( ( 1 - var( --container-widget-flex-grow ) ) * 100% );--margin-top:0px;--margin-bottom:0px;--margin-left:0px;--margin-right:0px;--padding-top:0px;--padding-bottom:0px;--padding-left:0px;--padding-right:0px;}.elementor-2884 .elementor-element.elementor-element-8dd7999 img{opacity:0.83;border-radius:30px 30px 30px 30px;}.elementor-2884 .elementor-element.elementor-element-8dd7999 > .elementor-widget-container{padding:0px 0px 0px 0px;}.elementor-2884 .elementor-element.elementor-element-43cb6d5 .elementor-heading-title{font-family:var( --e-global-typography-eddebef-font-family ), Sans-serif;font-size:var( --e-global-typography-eddebef-font-size );font-weight:var( --e-global-typography-eddebef-font-weight );text-transform:var( --e-global-typography-eddebef-text-transform );line-height:var( --e-global-typography-eddebef-line-height );letter-spacing:var( --e-global-typography-eddebef-letter-spacing );word-spacing:var( --e-global-typography-eddebef-word-spacing );color:var( --e-global-color-primary );}.elementor-2884 .elementor-element.elementor-element-43cb6d5 > .elementor-widget-container{padding:30px 0px 30px 0px;}.elementor-2884 .elementor-element.elementor-element-43cb6d5.elementor-element{--align-self:flex-start;}.elementor-2884 .elementor-element.elementor-element-4059b9a > .elementor-widget-container{padding:0px 0px 0px 0px;}.elementor-2884 .elementor-element.elementor-element-a98243e{--display:flex;--flex-direction:row;--container-widget-width:calc( ( 1 - var( --container-widget-flex-grow ) ) * 100% );--container-widget-height:100%;--container-widget-flex-grow:1;--container-widget-align-self:stretch;--flex-wrap-mobile:wrap;--align-items:stretch;--gap:10px 10px;--row-gap:10px;--column-gap:10px;--margin-top:0px;--margin-bottom:0px;--margin-left:0px;--margin-right:0px;--padding-top:30px;--padding-bottom:30px;--padding-left:0px;--padding-right:0px;}.elementor-2884 .elementor-element.elementor-element-59f5deb{--display:flex;--margin-top:0px;--margin-bottom:0px;--margin-left:0px;--margin-right:0px;--padding-top:0px;--padding-bottom:0px;--padding-left:30px;--padding-right:30px;}.elementor-2884 .elementor-element.elementor-element-63fcc65 img{border-radius:30px 30px 30px 30px;}.elementor-2884 .elementor-element.elementor-element-63fcc65 > .elementor-widget-container{padding:0px 15px 0px 15px;}.elementor-2884 .elementor-element.elementor-element-1997a6f > .elementor-widget-container{padding:10px 15px 0px 15px;}.elementor-2884 .elementor-element.elementor-element-84ac148{--display:flex;--margin-top:0px;--margin-bottom:0px;--margin-left:0px;--margin-right:0px;--padding-top:0px;--padding-bottom:0px;--padding-left:30px;--padding-right:30px;}.elementor-2884 .elementor-element.elementor-element-8db1c0c img{border-radius:30px 30px 30px 30px;}.elementor-2884 .elementor-element.elementor-element-8db1c0c > .elementor-widget-container{padding:0px 15px 0px 15px;}.elementor-2884 .elementor-element.elementor-element-fe61e1e > .elementor-widget-container{padding:10px 15px 0px 15px;}.elementor-2884 .elementor-element.elementor-element-1e83e59{--display:flex;--flex-direction:row;--container-widget-width:calc( ( 1 - var( --container-widget-flex-grow ) ) * 100% );--container-widget-height:100%;--container-widget-flex-grow:1;--container-widget-align-self:stretch;--flex-wrap-mobile:wrap;--align-items:stretch;--gap:10px 10px;--row-gap:10px;--column-gap:10px;--margin-top:0px;--margin-bottom:0px;--margin-left:0px;--margin-right:0px;--padding-top:30px;--padding-bottom:30px;--padding-left:0px;--padding-right:0px;}.elementor-2884 .elementor-element.elementor-element-f44eca1{--display:flex;--justify-content:center;--align-items:center;--container-widget-width:calc( ( 1 - var( --container-widget-flex-grow ) ) * 100% );--margin-top:0px;--margin-bottom:0px;--margin-left:0px;--margin-right:0px;--padding-top:0px;--padding-bottom:0px;--padding-left:0px;--padding-right:0px;}.elementor-2884 .elementor-element.elementor-element-7b38860 .elementor-button{font-weight:700;fill:#EF804A;color:#EF804A;background-color:#232325;box-shadow:-4px -5px 3px 0px #2B2B2B;transition-duration:0.3s;border-style:solid;border-width:1px 1px 1px 1px;border-color:#232325E6;}.elementor-2884 .elementor-element.elementor-element-7b38860 .elementor-button:hover, .elementor-2884 .elementor-element.elementor-element-7b38860 .elementor-button:focus{color:#EF804A;background-color:#232325E6;border-color:#232325E6;}.elementor-2884 .elementor-element.elementor-element-7b38860 .elementor-button:hover svg, .elementor-2884 .elementor-element.elementor-element-7b38860 .elementor-button:focus svg{fill:#EF804A;}@media(max-width:1024px) and (min-width:768px){.elementor-2884 .elementor-element.elementor-element-bd7ba4d{--width:100%;}.elementor-2884 .elementor-element.elementor-element-59f5deb{--width:100%;}.elementor-2884 .elementor-element.elementor-element-84ac148{--width:100%;}.elementor-2884 .elementor-element.elementor-element-f44eca1{--width:100%;}}@media(max-width:1024px){.elementor-2884 .elementor-element.elementor-element-d8fd6e8{--padding-top:30px;--padding-bottom:30px;--padding-left:30px;--padding-right:30px;}.elementor-2884 .elementor-element.elementor-element-bd7ba4d{--margin-top:0px;--margin-bottom:0px;--margin-left:0px;--margin-right:0px;--padding-top:0px;--padding-bottom:0px;--padding-left:0px;--padding-right:0px;}.elementor-2884 .elementor-element.elementor-element-43cb6d5 .elementor-heading-title{font-size:var( --e-global-typography-eddebef-font-size );line-height:var( --e-global-typography-eddebef-line-height );letter-spacing:var( --e-global-typography-eddebef-letter-spacing );word-spacing:var( --e-global-typography-eddebef-word-spacing );}.elementor-2884 .elementor-element.elementor-element-43cb6d5 > .elementor-widget-container{padding:10px 0px 10px 0px;}.elementor-2884 .elementor-element.elementor-element-a98243e{--align-items:flex-start;--container-widget-width:calc( ( 1 - var( --container-widget-flex-grow ) ) * 100% );--gap:20px 20px;--row-gap:20px;--column-gap:20px;--padding-top:0px;--padding-bottom:0px;--padding-left:30px;--padding-right:30px;}.elementor-2884 .elementor-element.elementor-element-59f5deb{--justify-content:center;--margin-top:0px;--margin-bottom:0px;--margin-left:0px;--margin-right:0px;--padding-top:0px;--padding-bottom:0px;--padding-left:30px;--padding-right:30px;}.elementor-2884 .elementor-element.elementor-element-1997a6f{text-align:start;}.elementor-2884 .elementor-element.elementor-element-84ac148{--justify-content:center;--margin-top:0px;--margin-bottom:0px;--margin-left:0px;--margin-right:0px;--padding-top:0px;--padding-bottom:0px;--padding-left:30px;--padding-right:30px;}.elementor-2884 .elementor-element.elementor-element-fe61e1e{text-align:start;}.elementor-2884 .elementor-element.elementor-element-1e83e59{--padding-top:30px;--padding-bottom:30px;--padding-left:30px;--padding-right:30px;}.elementor-2884 .elementor-element.elementor-element-f44eca1{--margin-top:0px;--margin-bottom:0px;--margin-left:0px;--margin-right:0px;--padding-top:0px;--padding-bottom:0px;--padding-left:0px;--padding-right:0px;}}@media(max-width:767px){.elementor-2884 .elementor-element.elementor-element-d8fd6e8{--padding-top:30px;--padding-bottom:30px;--padding-left:30px;--padding-right:30px;}.elementor-2884 .elementor-element.elementor-element-bd7ba4d{--padding-top:0px;--padding-bottom:0px;--padding-left:0px;--padding-right:0px;}.elementor-2884 .elementor-element.elementor-element-8dd7999 img{height:375px;object-fit:cover;object-position:center center;}.elementor-2884 .elementor-element.elementor-element-43cb6d5 .elementor-heading-title{font-size:var( --e-global-typography-eddebef-font-size );line-height:var( --e-global-typography-eddebef-line-height );letter-spacing:var( --e-global-typography-eddebef-letter-spacing );word-spacing:var( --e-global-typography-eddebef-word-spacing );}.elementor-2884 .elementor-element.elementor-element-a98243e{--padding-top:0px;--padding-bottom:30px;--padding-left:30px;--padding-right:30px;}.elementor-2884 .elementor-element.elementor-element-59f5deb{--padding-top:0px;--padding-bottom:10px;--padding-left:0px;--padding-right:0px;}.elementor-2884 .elementor-element.elementor-element-63fcc65 > .elementor-widget-container{padding:0px 0px 0px 0px;}.elementor-2884 .elementor-element.elementor-element-1997a6f > .elementor-widget-container{padding:10px 0px 0px 0px;}.elementor-2884 .elementor-element.elementor-element-84ac148{--padding-top:0px;--padding-bottom:0px;--padding-left:0px;--padding-right:0px;}.elementor-2884 .elementor-element.elementor-element-8db1c0c > .elementor-widget-container{padding:0px 0px 0px 0px;}.elementor-2884 .elementor-element.elementor-element-fe61e1e > .elementor-widget-container{padding:10px 0px 0px 0px;}.elementor-2884 .elementor-element.elementor-element-1e83e59{--padding-top:30px;--padding-bottom:30px;--padding-left:30px;--padding-right:30px;}.elementor-2884 .elementor-element.elementor-element-f44eca1{--padding-top:0px;--padding-bottom:0px;--padding-left:0px;--padding-right:0px;}}<\/style>\t\t<div data-elementor-type=\"wp-page\" data-elementor-id=\"2884\" class=\"elementor elementor-2884\" data-elementor-post-type=\"page\">\n\t\t\t\t<div class=\"elementor-element elementor-element-d8fd6e8 e-flex e-con-boxed e-con e-parent\" data-id=\"d8fd6e8\" data-element_type=\"container\" data-e-type=\"container\">\n\t\t\t\t\t<div class=\"e-con-inner\">\n\t\t<div class=\"elementor-element elementor-element-bd7ba4d e-con-full e-flex e-con e-child\" data-id=\"bd7ba4d\" data-element_type=\"container\" data-e-type=\"container\">\n\t\t\t\t<div class=\"elementor-element elementor-element-8dd7999 elementor-widget elementor-widget-image\" data-id=\"8dd7999\" data-element_type=\"widget\" data-e-type=\"widget\" data-widget_type=\"image.default\">\n\t\t\t\t<div class=\"elementor-widget-container\">\n\t\t\t\t\t\t\t\t\t\t\t\t\t\t\t<img fetchpriority=\"high\" decoding=\"async\" width=\"1200\" height=\"375\" src=\"https:\/\/gridx.rs\/wp-content\/uploads\/2024\/12\/training-cover.jpg\" class=\"attachment-full size-full wp-image-2992\" alt=\"\" srcset=\"https:\/\/gridx.rs\/wp-content\/uploads\/2024\/12\/training-cover.jpg 1200w, https:\/\/gridx.rs\/wp-content\/uploads\/2024\/12\/training-cover-300x94.jpg 300w, https:\/\/gridx.rs\/wp-content\/uploads\/2024\/12\/training-cover-1024x320.jpg 1024w, https:\/\/gridx.rs\/wp-content\/uploads\/2024\/12\/training-cover-768x240.jpg 768w, https:\/\/gridx.rs\/wp-content\/uploads\/2024\/12\/training-cover-18x6.jpg 18w\" sizes=\"(max-width: 1200px) 100vw, 1200px\" \/>\t\t\t\t\t\t\t\t\t\t\t\t\t\t\t<\/div>\n\t\t\t\t<\/div>\n\t\t\t\t<div class=\"elementor-element elementor-element-43cb6d5 elementor-widget elementor-widget-heading\" data-id=\"43cb6d5\" data-element_type=\"widget\" data-e-type=\"widget\" data-widget_type=\"heading.default\">\n\t\t\t\t<div class=\"elementor-widget-container\">\n\t\t\t\t\t<h2 class=\"elementor-heading-title elementor-size-default\">Training and Education \u2013 Empower Your Team with Expertise<\/h2>\t\t\t\t<\/div>\n\t\t\t\t<\/div>\n\t\t\t\t<div class=\"elementor-element elementor-element-4059b9a elementor-widget elementor-widget-text-editor\" data-id=\"4059b9a\" data-element_type=\"widget\" data-e-type=\"widget\" data-widget_type=\"text-editor.default\">\n\t\t\t\t<div class=\"elementor-widget-container\">\n\t\t\t\t\t\t\t\t\t<p><strong>Grid<span style=\"color: #ef804a;\">X<\/span><\/strong> offers professional training and education to help users maximize the potential of our equipment and software tools. Our training programs are carefully designed to meet the needs of various industries, enabling participants to effectively use drones, LiDAR systems, thermal cameras, IoT sensors, and analytical platforms. Our goal is to provide knowledge that will enhance your operations and facilitate the seamless implementation of our solutions.<\/p><p>Our team offers customized training programs that cover everything from basic equipment operation to advanced data analysis and processing. The training includes both theoretical and practical components, giving participants the opportunity to acquire not only knowledge but also practical skills they can apply immediately in their work. Whether you are new to using our technologies or looking to enhance your existing knowledge and skills, our programs are tailored to all experience levels.<\/p>\t\t\t\t\t\t\t\t<\/div>\n\t\t\t\t<\/div>\n\t\t\t\t<\/div>\n\t\t\t\t\t<\/div>\n\t\t\t\t<\/div>\n\t\t<div class=\"elementor-element elementor-element-a98243e e-flex e-con-boxed e-con e-parent\" data-id=\"a98243e\" data-element_type=\"container\" data-e-type=\"container\">\n\t\t\t\t\t<div class=\"e-con-inner\">\n\t\t<div class=\"elementor-element elementor-element-59f5deb e-con-full e-flex e-con e-child\" data-id=\"59f5deb\" data-element_type=\"container\" data-e-type=\"container\">\n\t\t\t\t<div class=\"elementor-element elementor-element-63fcc65 elementor-widget elementor-widget-image\" data-id=\"63fcc65\" data-element_type=\"widget\" data-e-type=\"widget\" data-widget_type=\"image.default\">\n\t\t\t\t<div class=\"elementor-widget-container\">\n\t\t\t\t\t\t\t\t\t\t\t\t\t\t\t<img decoding=\"async\" width=\"500\" height=\"500\" src=\"https:\/\/gridx.rs\/wp-content\/uploads\/2024\/12\/training-01.jpg\" class=\"attachment-full size-full wp-image-2996\" alt=\"\" srcset=\"https:\/\/gridx.rs\/wp-content\/uploads\/2024\/12\/training-01.jpg 500w, https:\/\/gridx.rs\/wp-content\/uploads\/2024\/12\/training-01-300x300.jpg 300w, https:\/\/gridx.rs\/wp-content\/uploads\/2024\/12\/training-01-150x150.jpg 150w, https:\/\/gridx.rs\/wp-content\/uploads\/2024\/12\/training-01-12x12.jpg 12w\" sizes=\"(max-width: 500px) 100vw, 500px\" \/>\t\t\t\t\t\t\t\t\t\t\t\t\t\t\t<\/div>\n\t\t\t\t<\/div>\n\t\t\t\t<div class=\"elementor-element elementor-element-1997a6f elementor-widget elementor-widget-text-editor\" data-id=\"1997a6f\" data-element_type=\"widget\" data-e-type=\"widget\" data-widget_type=\"text-editor.default\">\n\t\t\t\t<div class=\"elementor-widget-container\">\n\t\t\t\t\t\t\t\t\t<p>In addition to technical training, we offer support in integrating technology into your daily operations, helping you achieve maximum efficiency and results. With <strong>Grid<span style=\"color: #ef804a;\">X<\/span><\/strong> training, you gain more than just technology \u2013 you gain expertise, knowledge, and confidence at every step of using our solutions.<\/p>\t\t\t\t\t\t\t\t<\/div>\n\t\t\t\t<\/div>\n\t\t\t\t<\/div>\n\t\t<div class=\"elementor-element elementor-element-84ac148 e-con-full e-flex e-con e-child\" data-id=\"84ac148\" data-element_type=\"container\" data-e-type=\"container\">\n\t\t\t\t<div class=\"elementor-element elementor-element-8db1c0c elementor-widget elementor-widget-image\" data-id=\"8db1c0c\" data-element_type=\"widget\" data-e-type=\"widget\" data-widget_type=\"image.default\">\n\t\t\t\t<div class=\"elementor-widget-container\">\n\t\t\t\t\t\t\t\t\t\t\t\t\t\t\t<img decoding=\"async\" width=\"500\" height=\"500\" src=\"https:\/\/gridx.rs\/wp-content\/uploads\/2024\/12\/training-02.jpg\" class=\"attachment-full size-full wp-image-2997\" alt=\"\" srcset=\"https:\/\/gridx.rs\/wp-content\/uploads\/2024\/12\/training-02.jpg 500w, https:\/\/gridx.rs\/wp-content\/uploads\/2024\/12\/training-02-300x300.jpg 300w, https:\/\/gridx.rs\/wp-content\/uploads\/2024\/12\/training-02-150x150.jpg 150w, https:\/\/gridx.rs\/wp-content\/uploads\/2024\/12\/training-02-12x12.jpg 12w\" sizes=\"(max-width: 500px) 100vw, 500px\" \/>\t\t\t\t\t\t\t\t\t\t\t\t\t\t\t<\/div>\n\t\t\t\t<\/div>\n\t\t\t\t<div class=\"elementor-element elementor-element-fe61e1e elementor-widget elementor-widget-text-editor\" data-id=\"fe61e1e\" data-element_type=\"widget\" data-e-type=\"widget\" data-widget_type=\"text-editor.default\">\n\t\t\t\t<div class=\"elementor-widget-container\">\n\t\t\t\t\t\t\t\t\t<p>Contact us to learn how our training programs can enhance your business. <strong>Grid<span style=\"color: #ef804a;\">X <\/span><\/strong>partners with numerous industry leaders and is an authorized distributor for DJI Enterprise products, offering advanced solutions for a wide range of applications.<\/p>\t\t\t\t\t\t\t\t<\/div>\n\t\t\t\t<\/div>\n\t\t\t\t<\/div>\n\t\t\t\t\t<\/div>\n\t\t\t\t<\/div>\n\t\t<div class=\"elementor-element elementor-element-1e83e59 e-flex e-con-boxed e-con e-parent\" data-id=\"1e83e59\" data-element_type=\"container\" data-e-type=\"container\">\n\t\t\t\t\t<div class=\"e-con-inner\">\n\t\t<div class=\"elementor-element elementor-element-f44eca1 e-con-full e-flex e-con e-child\" data-id=\"f44eca1\" data-element_type=\"container\" data-e-type=\"container\">\n\t\t\t\t<div class=\"elementor-element elementor-element-7b38860 elementor-tablet-align-left elementor-widget elementor-widget-button\" data-id=\"7b38860\" data-element_type=\"widget\" data-e-type=\"widget\" data-widget_type=\"button.default\">\n\t\t\t\t<div class=\"elementor-widget-container\">\n\t\t\t\t\t\t\t\t\t<div class=\"elementor-button-wrapper\">\n\t\t\t\t\t<a class=\"elementor-button elementor-button-link elementor-size-sm elementor-animation-grow\" href=\"mailto:office@gridx.rs\">\n\t\t\t\t\t\t<span class=\"elementor-button-content-wrapper\">\n\t\t\t\t\t\t\t\t\t<span class=\"elementor-button-text\">CONTACT US<\/span>\n\t\t\t\t\t<\/span>\n\t\t\t\t\t<\/a>\n\t\t\t\t<\/div>\n\t\t\t\t\t\t\t\t<\/div>\n\t\t\t\t<\/div>\n\t\t\t\t<\/div>\n\t\t\t\t\t<\/div>\n\t\t\t\t<\/div>\n\t\t\t\t<\/div>","protected":false},"excerpt":{"rendered":"<p>Obuka i edukacija \u2013 Oja\u010dajte svoj tim stru\u010dnim znanjem GridX nudi profesionalne programe obuke i edukacije kako bi korisnici maksimalno iskoristili potencijal na\u0161e opreme i softverskih alata. Na\u0161i programi obuke pa\u017eljivo su osmi\u0161ljeni da zadovolje potrebe razli\u010ditih industrija, omogu\u0107avaju\u0107i u\u010desnicima da efikasno koriste dronove, LiDAR sisteme, termalne kamere, IoT senzore i analiti\u010dke platforme. Na\u0161 cilj [&hellip;]<\/p>\n","protected":false},"author":1,"featured_media":0,"parent":0,"menu_order":0,"comment_status":"closed","ping_status":"closed","template":"elementor_header_footer","meta":{"footnotes":""},"class_list":["post-2884","page","type-page","status-publish","hentry"],"_links":{"self":[{"href":"https:\/\/gridx.rs\/en\/wp-json\/wp\/v2\/pages\/2884","targetHints":{"allow":["GET"]}}],"collection":[{"href":"https:\/\/gridx.rs\/en\/wp-json\/wp\/v2\/pages"}],"about":[{"href":"https:\/\/gridx.rs\/en\/wp-json\/wp\/v2\/types\/page"}],"author":[{"embeddable":true,"href":"https:\/\/gridx.rs\/en\/wp-json\/wp\/v2\/users\/1"}],"replies":[{"embeddable":true,"href":"https:\/\/gridx.rs\/en\/wp-json\/wp\/v2\/comments?post=2884"}],"version-history":[{"count":176,"href":"https:\/\/gridx.rs\/en\/wp-json\/wp\/v2\/pages\/2884\/revisions"}],"predecessor-version":[{"id":5231,"href":"https:\/\/gridx.rs\/en\/wp-json\/wp\/v2\/pages\/2884\/revisions\/5231"}],"wp:attachment":[{"href":"https:\/\/gridx.rs\/en\/wp-json\/wp\/v2\/media?parent=2884"}],"curies":[{"name":"wp","href":"https:\/\/api.w.org\/{rel}","templated":true}]}}